{"id":950,"date":"2018-06-29T17:35:33","date_gmt":"2018-06-29T20:35:33","guid":{"rendered":"https:\/\/iesbolivar-cba.infd.edu.ar\/sitio\/?page_id=950"},"modified":"2021-03-12T13:06:11","modified_gmt":"2021-03-12T16:06:11","slug":"quimica","status":"publish","type":"page","link":"https:\/\/iesbolivar-cba.infd.edu.ar\/sitio\/quimica\/","title":{"rendered":"Profesorado de Educaci\u00f3n Secundaria en Qu\u00edmica"},"content":{"rendered":"<p><span style=\"font-size: medium; color: #003366;\" data-mce-mark=\"1\"><span style=\"font-family: arial, helvetica, sans-serif;\" data-mce-mark=\"1\"><strong>Duraci\u00f3n:<\/strong> 4 a\u00f1os<br \/>\n<\/span><\/span><span style=\"font-size: medium; color: #003366;\" data-mce-mark=\"1\"><span style=\"font-family: arial, helvetica, sans-serif;\" data-mce-mark=\"1\"><strong>T\u00edtulo:<\/strong> Profesor de Educaci\u00f3n Secundaria en Qu\u00edmica<\/span><\/span><\/p>\n<p style=\"text-align: justify;\"><span style=\"font-family: arial, helvetica, sans-serif; color: #003366; font-size: 10pt;\" data-mce-mark=\"1\">Este profesorado capacita en el dominio de modelos y teor\u00edas para la comprensi\u00f3n y el an\u00e1lisis de los fen\u00f3menos naturales y los procesos y productos tecnol\u00f3gicos del mundo que nos rodea. Adem\u00e1s, lo formar\u00e1 en competencias pedag\u00f3gico- did\u00e1cticas para dise\u00f1ar, ejecutar y evaluar procesos de ense\u00f1anza-aprendizaje sobre la base de un conocimiento actualizado en el \u00e1mbito de la Qu\u00edmica y la investigaci\u00f3n educativa.<\/span><\/p>\n<h3><span style=\"font-size: 18pt; color: #003366;\" data-mce-mark=\"1\">Plan de Estudios<\/span><\/h3>\n<p>Resoluci\u00f3n Ministerial 977\/14 &#8211;\u00a0<a href=\"https:\/\/dges-cba.infd.edu.ar\/sitio\/upload\/DCurricular_Biol_Fis_Quim_2015.pdf\">Dise\u00f1o Curricular para el Profesorado de Educaci\u00f3n Secundaria en Qu\u00edmica<\/a>\u00a0\/\u00a0<a href=\"upload\/INFO_DE_CARRERA_-_QUIMICA.pdf\" target=\"_blank\" rel=\"noopener\">Correlatividades<\/a><\/p>\n<table style=\"width: 890px; height: 1135px;\" border=\"0\" cellspacing=\"0\" cellpadding=\"5\">\n<tbody>\n<tr>\n<td style=\"width: 876px;\" colspan=\"2\">\n<table style=\"width: 100%;\" border=\"0\" cellspacing=\"2\" cellpadding=\"4\">\n<tbody>\n<tr>\n<td class=\"Titulo2\" style=\"width: 70%; background-color: #f9ee9e;\"><span style=\"font-size: 10pt; color: #003366;\"><strong>1er. A\u00f1o<\/strong><\/span><\/td>\n<td class=\"Titulo2\" style=\"width: 30%; background-color: #f9ee9e;\" align=\"center\"><span style=\"font-size: 10pt; color: #003366;\"><strong>Horas semanales<\/strong><\/span><\/td>\n<\/tr>\n<\/tbody>\n<\/table>\n<table class=\"Tabla\" style=\"width: 100%;\" border=\"0\" cellspacing=\"2\" cellpadding=\"4\">\n<tbody>\n<tr bgcolor=\"#e2e2c5\">\n<td valign=\"top\" width=\"70%\"><span style=\"font-family: arial, helvetica, sans-serif; font-size: 10pt; color: #003366;\">Pedagog\u00eda<\/span><\/td>\n<td align=\"center\" width=\"30%\"><span style=\"font-family: arial, helvetica, sans-serif; font-size: 10pt; color: #003366;\">4<\/span><\/td>\n<\/tr>\n<tr bgcolor=\"#f9f7ed\">\n<td valign=\"top\" width=\"70%\"><span style=\"font-family: arial, helvetica, sans-serif; font-size: 10pt; color: #003366;\">Problem\u00e1ticas Socioantropol\u00f3gicas en Educaci\u00f3n<\/span><\/td>\n<td align=\"center\" width=\"30%\"><span style=\"font-family: arial, helvetica, sans-serif; font-size: 10pt; color: #003366;\">3<\/span><\/td>\n<\/tr>\n<tr bgcolor=\"#e2e2c5\">\n<td valign=\"top\" width=\"70%\"><span style=\"font-family: arial, helvetica, sans-serif; font-size: 10pt; color: #003366;\">Producci\u00f3n Cient\u00edfica y Sociedad<\/span><\/td>\n<td align=\"center\" width=\"30%\"><span style=\"font-family: arial, helvetica, sans-serif; font-size: 10pt; color: #003366;\">2<\/span><\/td>\n<\/tr>\n<tr bgcolor=\"#f9f7ed\">\n<td valign=\"top\" width=\"70%\"><span style=\"font-family: arial, helvetica, sans-serif; font-size: 10pt; color: #003366;\">Lenguaje Digital y Audiovisual<\/span><\/td>\n<td align=\"center\" width=\"30%\"><span style=\"font-family: arial, helvetica, sans-serif; font-size: 10pt; color: #003366;\">2<\/span><\/td>\n<\/tr>\n<tr bgcolor=\"#e2e2c5\">\n<td valign=\"top\" width=\"70%\"><span style=\"font-family: arial, helvetica, sans-serif; font-size: 10pt; color: #003366;\">Pr\u00e1ctica Docente I: Contextos y Pr\u00e1cticas Educativas<\/span><\/td>\n<td align=\"center\" width=\"30%\"><span style=\"font-family: arial, helvetica, sans-serif; font-size: 10pt; color: #003366;\">3<\/span><\/td>\n<\/tr>\n<tr bgcolor=\"#f9f7ed\">\n<td valign=\"top\" width=\"70%\"><span style=\"font-family: arial, helvetica, sans-serif; font-size: 10pt; color: #003366;\">Modelos Matem\u00e1ticos para las Ciencias Naturales<\/span><\/td>\n<td align=\"center\" width=\"30%\"><span style=\"font-family: arial, helvetica, sans-serif; font-size: 10pt; color: #003366;\">4<\/span><\/td>\n<\/tr>\n<tr bgcolor=\"#e2e2c5\">\n<td valign=\"top\" width=\"70%\"><span style=\"font-family: arial, helvetica, sans-serif; font-size: 10pt; color: #003366;\">Modelos F\u00edsicos para las Ciencias Naturales<\/span><\/td>\n<td align=\"center\" width=\"30%\"><span style=\"font-family: arial, helvetica, sans-serif; font-size: 10pt; color: #003366;\">4<\/span><\/td>\n<\/tr>\n<tr bgcolor=\"#e2e2c5\">\n<td style=\"background-color: #ffffff;\"><span style=\"font-family: arial, helvetica, sans-serif; font-size: 10pt; color: #003366;\">\u00a0Introducci\u00f3n a la Qu\u00edmica<\/span><\/td>\n<td style=\"text-align: center; background-color: #ffffff;\"><span style=\"font-family: arial, helvetica, sans-serif; font-size: 10pt; color: #003366;\">\u00a07<\/span><\/td>\n<\/tr>\n<\/tbody>\n<\/table>\n<table style=\"width: 100%;\" border=\"0\" cellspacing=\"2\" cellpadding=\"2\">\n<tbody>\n<tr style=\"background-color: #f9ee9e;\">\n<td class=\"Titulo2\" style=\"background-color: #f9ee9e;\"><span style=\"font-size: 10pt; color: #003366;\"><strong>2do. a\u00f1o<\/strong><\/span><\/td>\n<\/tr>\n<\/tbody>\n<\/table>\n<table class=\"Tabla\" style=\"width: 100%;\" border=\"0\" cellspacing=\"2\" cellpadding=\"4\">\n<tbody>\n<tr bgcolor=\"#f9f7ed\">\n<td valign=\"top\" width=\"70%\"><span style=\"color: #003366; font-family: arial, helvetica, sans-serif; font-size: 10pt;\">Psicolog\u00eda y Educaci\u00f3n<\/span><\/td>\n<td align=\"center\" width=\"30%\"><span style=\"color: #003366; font-family: arial, helvetica, sans-serif; font-size: 10pt;\">4<\/span><\/td>\n<\/tr>\n<tr bgcolor=\"#e2e2c5\">\n<td valign=\"top\" width=\"70%\"><span style=\"color: #003366; font-family: arial, helvetica, sans-serif; font-size: 10pt;\">Did\u00e1ctica General<\/span><\/td>\n<td align=\"center\" width=\"30%\"><span style=\"color: #003366; font-family: arial, helvetica, sans-serif; font-size: 10pt;\">3<\/span><\/td>\n<\/tr>\n<tr bgcolor=\"#f9f7ed\">\n<td valign=\"top\" width=\"70%\"><span style=\"color: #003366; font-family: arial, helvetica, sans-serif; font-size: 10pt;\">Pr\u00e1ctica Docente II: Escuela, Historias Documentadas y Cotidianeidad<\/span><\/td>\n<td align=\"center\" width=\"30%\"><span style=\"color: #003366; font-family: arial, helvetica, sans-serif; font-size: 10pt;\">4<\/span><\/td>\n<\/tr>\n<tr bgcolor=\"#e2e2c5\">\n<td valign=\"top\" width=\"70%\"><span style=\"color: #003366; font-family: arial, helvetica, sans-serif; font-size: 10pt;\">Sujetos de la Educaci\u00f3n y ESI<\/span><\/td>\n<td align=\"center\" width=\"30%\"><span style=\"color: #003366; font-family: arial, helvetica, sans-serif; font-size: 10pt;\">4<\/span><\/td>\n<\/tr>\n<tr bgcolor=\"#f9f7ed\">\n<td valign=\"top\" width=\"70%\"><span style=\"color: #003366; font-family: arial, helvetica, sans-serif; font-size: 10pt;\">Did\u00e1ctica de las Ciencias Naturales<\/span><\/td>\n<td align=\"center\" width=\"30%\"><span style=\"color: #003366; font-family: arial, helvetica, sans-serif; font-size: 10pt;\">3<\/span><\/td>\n<\/tr>\n<tr bgcolor=\"#e2e2c5\">\n<td valign=\"top\" width=\"70%\"><span style=\"color: #003366; font-family: arial, helvetica, sans-serif; font-size: 10pt;\">Ciencias de la Tierra<\/span><\/td>\n<td align=\"center\" width=\"30%\"><span style=\"color: #003366; font-family: arial, helvetica, sans-serif; font-size: 10pt;\">3<\/span><\/td>\n<\/tr>\n<tr bgcolor=\"#f9f7ed\">\n<td valign=\"top\" width=\"70%\"><span style=\"color: #003366; font-family: arial, helvetica, sans-serif; font-size: 10pt;\">Qu\u00edmica de los Compuestos del Carbono<\/span><\/td>\n<td align=\"center\" width=\"30%\"><span style=\"color: #003366; font-family: arial, helvetica, sans-serif; font-size: 10pt;\">\u00a06<\/span><\/td>\n<\/tr>\n<tr bgcolor=\"#e2e2c5\">\n<td valign=\"top\" width=\"70%\"><span style=\"color: #003366; font-family: arial, helvetica, sans-serif; font-size: 10pt;\">Estructura de la Materia y sus Transformaciones<\/span><\/td>\n<td align=\"center\" width=\"30%\"><span style=\"color: #003366; font-family: arial, helvetica, sans-serif; font-size: 10pt;\">6<\/span><\/td>\n<\/tr>\n<\/tbody>\n<\/table>\n<table style=\"width: 100%;\" border=\"0\" cellspacing=\"2\" cellpadding=\"2\">\n<tbody>\n<tr>\n<td class=\"Titulo2\" style=\"background-color: #f9ee9e;\"><span style=\"font-size: 10pt; color: #003366;\"><strong>3\u00ba a\u00f1o<\/strong><\/span><\/td>\n<\/tr>\n<\/tbody>\n<\/table>\n<table class=\"Tabla\" style=\"width: 100%;\" border=\"0\" cellspacing=\"2\" cellpadding=\"4\">\n<tbody>\n<tr bgcolor=\"#f9f7ed\">\n<td valign=\"top\" width=\"70%\"><span style=\"color: #003366; font-family: arial, helvetica, sans-serif; font-size: 10pt;\">Historia y Pol\u00edtica de la Educaci\u00f3n Argentina<\/span><\/td>\n<td align=\"center\" width=\"30%\"><span style=\"color: #003366; font-family: arial, helvetica, sans-serif; font-size: 10pt;\">3<\/span><\/td>\n<\/tr>\n<tr bgcolor=\"#e2e2c5\">\n<td valign=\"top\" width=\"70%\"><span style=\"color: #003366; font-family: arial, helvetica, sans-serif; font-size: 10pt;\">Pr\u00e1ctica Docente III: El Aula Espacio del Aprender y del Ense\u00f1ar<\/span><\/td>\n<td align=\"center\" width=\"30%\"><span style=\"color: #003366; font-family: arial, helvetica, sans-serif; font-size: 10pt;\">5<\/span><\/td>\n<\/tr>\n<tr bgcolor=\"#f9f7ed\">\n<td valign=\"top\" width=\"70%\"><span style=\"color: #003366; font-family: arial, helvetica, sans-serif; font-size: 10pt;\">Filosof\u00eda de las Ciencias<\/span><\/td>\n<td align=\"center\" width=\"30%\"><span style=\"color: #003366; font-family: arial, helvetica, sans-serif; font-size: 10pt;\">3<\/span><\/td>\n<\/tr>\n<tr bgcolor=\"#e2e2c5\">\n<td valign=\"top\" width=\"70%\"><span style=\"color: #003366; font-family: arial, helvetica, sans-serif; font-size: 10pt;\">Did\u00e1ctica de las Ciencias Naturales II<\/span><\/td>\n<td align=\"center\" width=\"30%\"><span style=\"color: #003366; font-family: arial, helvetica, sans-serif; font-size: 10pt;\">4<\/span><\/td>\n<\/tr>\n<tr bgcolor=\"#f9f7ed\">\n<td valign=\"top\" width=\"70%\"><span style=\"color: #003366; font-family: arial, helvetica, sans-serif; font-size: 10pt;\">Trabajo Experimental en Ciencias Naturales<\/span><\/td>\n<td align=\"center\" width=\"30%\"><span style=\"color: #003366; font-family: arial, helvetica, sans-serif; font-size: 10pt;\">3<\/span><\/td>\n<\/tr>\n<tr bgcolor=\"#e2e2c5\">\n<td valign=\"top\" width=\"70%\"><span style=\"color: #003366; font-family: arial, helvetica, sans-serif; font-size: 10pt;\">Qu\u00edmica\u00a0F\u00edsica<\/span><\/td>\n<td align=\"center\" width=\"30%\"><span style=\"color: #003366; font-family: arial, helvetica, sans-serif; font-size: 10pt;\">5<\/span><\/td>\n<\/tr>\n<tr bgcolor=\"#f9f7ed\">\n<td valign=\"top\" width=\"70%\"><span style=\"color: #003366; font-family: arial, helvetica, sans-serif; font-size: 10pt;\">Qu\u00edmica Celular<\/span><\/td>\n<td align=\"center\" width=\"30%\"><span style=\"color: #003366; font-family: arial, helvetica, sans-serif; font-size: 10pt;\">4<\/span><\/td>\n<\/tr>\n<tr bgcolor=\"#e2e2c5\">\n<td valign=\"top\" width=\"70%\"><span style=\"color: #003366; font-family: arial, helvetica, sans-serif; font-size: 10pt;\">Estructura de la Materia y sus Transformaciones II<\/span><\/td>\n<td align=\"center\" width=\"30%\"><span style=\"color: #003366; font-family: arial, helvetica, sans-serif; font-size: 10pt;\">\u00a05<\/span><\/td>\n<\/tr>\n<\/tbody>\n<\/table>\n<table style=\"width: 100%;\" border=\"0\" cellspacing=\"2\" cellpadding=\"2\">\n<tbody>\n<tr>\n<td class=\"Titulo2\" style=\"background-color: #f9ee9e;\"><span style=\"font-size: 10pt; color: #003366;\"><strong>4\u00ba a\u00f1o<\/strong><\/span><\/td>\n<\/tr>\n<\/tbody>\n<\/table>\n<table class=\"Tabla\" style=\"width: 100%;\" border=\"0\" cellspacing=\"2\" cellpadding=\"4\">\n<tbody>\n<tr bgcolor=\"#f9f7ed\">\n<td valign=\"top\" width=\"70%\"><span style=\"color: #003366; font-family: arial, helvetica, sans-serif; font-size: 10pt;\">\u00c9tica y Construci\u00f3n de Ciudadan\u00eda<\/span><\/td>\n<td align=\"center\" width=\"30%\"><span style=\"color: #003366; font-family: arial, helvetica, sans-serif; font-size: 10pt;\">3<\/span><\/td>\n<\/tr>\n<tr bgcolor=\"#e2e2c5\">\n<td valign=\"top\" width=\"70%\"><span style=\"color: #003366; font-family: arial, helvetica, sans-serif; font-size: 10pt;\">Problem\u00e1ticas y Desaf\u00edos de la Educaci\u00f3n<\/span><\/td>\n<td align=\"center\" width=\"30%\"><span style=\"color: #003366; font-family: arial, helvetica, sans-serif; font-size: 10pt;\">3<\/span><\/td>\n<\/tr>\n<tr bgcolor=\"#f9f7ed\">\n<td valign=\"top\" width=\"70%\"><span style=\"color: #003366; font-family: arial, helvetica, sans-serif; font-size: 10pt;\">Pr\u00e1ctica Docente IV y Residencia<\/span><\/td>\n<td align=\"center\" width=\"30%\"><span style=\"color: #003366; font-family: arial, helvetica, sans-serif; font-size: 10pt;\">8<\/span><\/td>\n<\/tr>\n<tr bgcolor=\"#e2e2c5\">\n<td valign=\"top\" width=\"70%\"><span style=\"color: #003366; font-family: arial, helvetica, sans-serif; font-size: 10pt;\">Historia y Epistemolog\u00eda de la Qu\u00edmica<\/span><\/td>\n<td align=\"center\" width=\"30%\"><span style=\"color: #003366; font-family: arial, helvetica, sans-serif; font-size: 10pt;\">3<\/span><\/td>\n<\/tr>\n<tr bgcolor=\"#f9f7ed\">\n<td valign=\"top\" width=\"70%\"><span style=\"color: #003366; font-family: arial, helvetica, sans-serif; font-size: 10pt;\">Did\u00e1ctica de las Ciencias Naturales III<\/span><\/td>\n<td align=\"center\" width=\"30%\"><span style=\"color: #003366; font-family: arial, helvetica, sans-serif; font-size: 10pt;\">3<\/span><\/td>\n<\/tr>\n<tr bgcolor=\"#e2e2c5\">\n<td valign=\"top\" width=\"70%\"><span style=\"color: #003366; font-family: arial, helvetica, sans-serif; font-size: 10pt;\">Qu\u00edmica de los Procesos Industriales<\/span><\/td>\n<td align=\"center\" width=\"30%\"><span style=\"color: #003366; font-family: arial, helvetica, sans-serif; font-size: 10pt;\">5<\/span><\/td>\n<\/tr>\n<tr bgcolor=\"#f9f7ed\">\n<td valign=\"top\" width=\"70%\"><span style=\"color: #003366; font-family: arial, helvetica, sans-serif; font-size: 10pt;\">La Qu\u00edmica en el Mundo Actual<\/span><\/td>\n<td align=\"center\" width=\"30%\"><span style=\"color: #003366; font-family: arial, helvetica, sans-serif; font-size: 10pt;\">5<\/span><\/td>\n<\/tr>\n<tr bgcolor=\"#e2e2c5\">\n<td valign=\"top\" width=\"70%\"><span style=\"color: #003366; font-family: arial, helvetica, sans-serif; font-size: 10pt;\">Desarrollo Humano, Ambiente y Salud<\/span><\/td>\n<td align=\"center\" width=\"30%\"><span style=\"color: #003366; font-family: arial, helvetica, sans-serif; font-size: 10pt;\">3<\/span><\/td>\n<\/tr>\n<\/tbody>\n<\/table>\n<\/td>\n<\/tr>\n<\/tbody>\n<\/table>\n<p style=\"text-align: right;\">\n","protected":false},"excerpt":{"rendered":"<p>Duraci\u00f3n: 4 a\u00f1os T\u00edtulo: Profesor de Educaci\u00f3n Secundaria en Qu\u00edmica Este profesorado capacita en el dominio de modelos y teor\u00edas para la comprensi\u00f3n y el an\u00e1lisis de los fen\u00f3menos naturales y los procesos y productos tecnol\u00f3gicos del mundo que nos rodea. Adem\u00e1s, lo formar\u00e1 en competencias pedag\u00f3gico- did\u00e1cticas para dise\u00f1ar, ejecutar y evaluar procesos de &#8230; <a title=\"Profesorado de Educaci\u00f3n Secundaria en Qu\u00edmica\" class=\"read-more\" href=\"https:\/\/iesbolivar-cba.infd.edu.ar\/sitio\/quimica\/\" aria-label=\"More on Profesorado de Educaci\u00f3n Secundaria en Qu\u00edmica\">[+]<\/a><\/p>\n","protected":false},"author":3377,"featured_media":0,"parent":0,"menu_order":0,"comment_status":"closed","ping_status":"closed","template":"","meta":[],"acf":[],"_links":{"self":[{"href":"https:\/\/iesbolivar-cba.infd.edu.ar\/sitio\/wp-json\/wp\/v2\/pages\/950"}],"collection":[{"href":"https:\/\/iesbolivar-cba.infd.edu.ar\/sitio\/wp-json\/wp\/v2\/pages"}],"about":[{"href":"https:\/\/iesbolivar-cba.infd.edu.ar\/sitio\/wp-json\/wp\/v2\/types\/page"}],"author":[{"embeddable":true,"href":"https:\/\/iesbolivar-cba.infd.edu.ar\/sitio\/wp-json\/wp\/v2\/users\/3377"}],"replies":[{"embeddable":true,"href":"https:\/\/iesbolivar-cba.infd.edu.ar\/sitio\/wp-json\/wp\/v2\/comments?post=950"}],"version-history":[{"count":9,"href":"https:\/\/iesbolivar-cba.infd.edu.ar\/sitio\/wp-json\/wp\/v2\/pages\/950\/revisions"}],"predecessor-version":[{"id":2691,"href":"https:\/\/iesbolivar-cba.infd.edu.ar\/sitio\/wp-json\/wp\/v2\/pages\/950\/revisions\/2691"}],"wp:attachment":[{"href":"https:\/\/iesbolivar-cba.infd.edu.ar\/sitio\/wp-json\/wp\/v2\/media?parent=950"}],"curies":[{"name":"wp","href":"https:\/\/api.w.org\/{rel}","templated":true}]}}