{"id":949,"date":"2018-06-29T17:35:33","date_gmt":"2018-06-29T20:35:33","guid":{"rendered":"https:\/\/iesbolivar-cba.infd.edu.ar\/sitio\/?page_id=949"},"modified":"2021-03-12T13:17:38","modified_gmt":"2021-03-12T16:17:38","slug":"lengua-y-literatura","status":"publish","type":"page","link":"https:\/\/iesbolivar-cba.infd.edu.ar\/sitio\/lengua-y-literatura\/","title":{"rendered":"Profesorado de Educaci\u00f3n Secundaria en Lengua y Literatura"},"content":{"rendered":"<p><span style=\"font-size: medium; color: #003366;\" data-mce-mark=\"1\"><span style=\"font-family: arial,helvetica,sans-serif;\" data-mce-mark=\"1\"><strong>Duraci\u00f3n:<\/strong> 4 a\u00f1os<br \/>\n<\/span><\/span><span style=\"font-size: medium; color: #003366;\" data-mce-mark=\"1\"><span style=\"font-family: arial,helvetica,sans-serif;\" data-mce-mark=\"1\"><strong>T\u00edtulo:<\/strong> Profesor de Educaci\u00f3n Secundaria en Lengua y Literatura<\/span><\/span><\/p>\n<p style=\"text-align: justify;\"><span style=\"font-family: arial,helvetica,sans-serif; color: #003366; font-size: 10pt;\" data-mce-mark=\"1\">La formaci\u00f3n docente en Lengua y Literatura le permite adquirir un conocimiento de la lengua espa\u00f1ola: su fonolog\u00eda, morfolog\u00eda, sintaxis, y sem\u00e1ntica, como as\u00ed tambi\u00e9n herramientas para el an\u00e1lisis del discurso literario. Adem\u00e1s, lo formar\u00e1 en competencias pedag\u00f3gico- did\u00e1cticas para dise\u00f1ar, ejecutar y evaluar procesos de ense\u00f1anza-aprendizaje sobre la base de un conocimiento actualizado en el \u00e1mbito de la Lengua y Literatura y la investigaci\u00f3n educativa.<\/span><\/p>\n<h3>Plan de Estudios<\/h3>\n<table border=\"0\">\n<tbody>\n<tr>\n<td><\/td>\n<td><strong><a href=\"https:\/\/dges-cba.infd.edu.ar\/sitio\/wp-content\/uploads\/2019\/05\/24_de_Abril_2019_LENGUA_Y_LITERATURA.pdf\" target=\"_blank\" rel=\"noopener\">Actualizaci\u00f3n Dise\u00f1o Curricular para el Profesorado de Educaci\u00f3n Secundaria en Lengua y Literatura (A partir de la Cohorte 2019)<\/a><\/strong><\/td>\n<\/tr>\n<tr>\n<td><\/td>\n<td><strong><a title=\"Resoluci\u00f3n 59519\" href=\"https:\/\/dges-cba.infd.edu.ar\/sitio\/wp-content\/uploads\/2019\/06\/R-M-595-19.pdf\" target=\"_blank\" rel=\"noopener\">Resoluci\u00f3n 595-19<\/a><\/strong><\/td>\n<\/tr>\n<tr>\n<td><\/td>\n<td><strong><a title=\"Resoluci\u00f3n 27419\" href=\"https:\/\/dges-cba.infd.edu.ar\/sitio\/wp-content\/uploads\/2019\/03\/R-M-274-1.pdf\" target=\"_blank\" rel=\"noopener\">Resoluci\u00f3n\u00a0274-19<\/a><\/strong><\/td>\n<\/tr>\n<tr>\n<td><\/td>\n<td><strong><a title=\"Dise\u00f1o Curricular Lengua y Literatura - Ingles\" href=\"https:\/\/dges-cba.infd.edu.ar\/sitio\/curriculares\/upload\/DISENIO_CURRICULAR_LENGUA_Y_LITERATURA__INGLES.pdf\" target=\"_blank\" rel=\"noopener\">Dise\u00f1o Curricular para el Profesorado de Educaci\u00f3n Secundaria en Lengua y Literatura<\/a><\/strong><\/td>\n<\/tr>\n<\/tbody>\n<\/table>\n<table style=\"width: 100%;\" border=\"0\" cellspacing=\"2\" cellpadding=\"4\">\n<tbody>\n<tr>\n<td class=\"Titulo2\" style=\"width: 70%; background-color: #f9ee9e;\"><span style=\"color: #003366;\" data-mce-mark=\"1\"><strong>1er. A\u00f1o<\/strong><\/span><\/td>\n<td class=\"Titulo2\" style=\"width: 30%; background-color: #f9ee9e;\" align=\"center\"><span style=\"color: #003366;\" data-mce-mark=\"1\"><strong>Horas semanales<\/strong><\/span><\/td>\n<\/tr>\n<\/tbody>\n<\/table>\n<table class=\"Tabla\" style=\"width: 100%;\" border=\"0\" cellspacing=\"2\" cellpadding=\"4\">\n<tbody>\n<tr style=\"background-color: #e2e2c5;\">\n<td valign=\"top\" width=\"70%\"><span style=\"color: #003366; font-size: 10pt; font-family: arial,helvetica,sans-serif;\" data-mce-mark=\"1\">Pedagog\u00eda<\/span><\/td>\n<td align=\"center\" width=\"30%\"><span style=\"color: #003366; font-size: 10pt; font-family: arial,helvetica,sans-serif;\" data-mce-mark=\"1\">3<\/span><\/td>\n<\/tr>\n<tr bgcolor=\"#f9f7ed\">\n<td valign=\"top\" width=\"70%\"><span style=\"color: #003366; font-size: 10pt; font-family: arial,helvetica,sans-serif;\" data-mce-mark=\"1\">Problem\u00e1ticas Socioantropol\u00f3gicas en Educaci\u00f3n<\/span><\/td>\n<td align=\"center\" width=\"30%\"><span style=\"color: #003366; font-size: 10pt; font-family: arial,helvetica,sans-serif;\" data-mce-mark=\"1\">3<\/span><\/td>\n<\/tr>\n<tr style=\"background-color: #e2e2c5;\">\n<td valign=\"top\" width=\"70%\"><span style=\"color: #003366; font-size: 10pt; font-family: arial,helvetica,sans-serif;\" data-mce-mark=\"1\">Pr\u00e1cticas de Oralidad, Lectura y Escritura<\/span><\/td>\n<td align=\"center\" width=\"30%\"><span style=\"color: #003366; font-size: 10pt; font-family: arial,helvetica,sans-serif;\" data-mce-mark=\"1\">3<\/span><\/td>\n<\/tr>\n<tr bgcolor=\"#f9f7ed\">\n<td valign=\"top\" width=\"70%\"><span style=\"color: #003366; font-size: 10pt; font-family: arial,helvetica,sans-serif;\" data-mce-mark=\"1\">Pr\u00e1ctica Docente I: Contextos y Pr\u00e1cticas Educativas<\/span><\/td>\n<td align=\"center\" width=\"30%\"><span style=\"color: #003366; font-size: 10pt; font-family: arial,helvetica,sans-serif;\" data-mce-mark=\"1\">3<\/span><\/td>\n<\/tr>\n<tr style=\"background-color: #e2e2c5;\">\n<td valign=\"top\" width=\"70%\"><span style=\"color: #003366; font-size: 10pt; font-family: arial,helvetica,sans-serif;\" data-mce-mark=\"1\">Introducci\u00f3n a los Estudios del Lenguaje<\/span><\/td>\n<td align=\"center\" width=\"30%\"><span style=\"color: #003366; font-size: 10pt; font-family: arial,helvetica,sans-serif;\" data-mce-mark=\"1\">4<\/span><\/td>\n<\/tr>\n<tr bgcolor=\"#f9f7ed\">\n<td valign=\"top\" width=\"70%\"><span style=\"color: #003366; font-size: 10pt; font-family: arial,helvetica,sans-serif;\" data-mce-mark=\"1\">Gram\u00e1tica Te\u00f3rica y Aplicada I<\/span><\/td>\n<td align=\"center\" width=\"30%\"><span style=\"color: #003366; font-size: 10pt; font-family: arial,helvetica,sans-serif;\" data-mce-mark=\"1\">5<\/span><\/td>\n<\/tr>\n<tr style=\"background-color: #e2e2c5;\">\n<td valign=\"top\" width=\"70%\"><span style=\"color: #003366; font-size: 10pt; font-family: arial,helvetica,sans-serif;\" data-mce-mark=\"1\">Teor\u00eda y An\u00e1lisis Literario I<\/span><\/td>\n<td align=\"center\" width=\"30%\"><span style=\"color: #003366; font-size: 10pt; font-family: arial,helvetica,sans-serif;\" data-mce-mark=\"1\">3<\/span><\/td>\n<\/tr>\n<tr bgcolor=\"#f9f7ed\">\n<td style=\"background-color: #ffffff;\"><span style=\"color: #003366; font-size: 10pt; font-family: arial,helvetica,sans-serif;\" data-mce-mark=\"1\">Literaturas Cl\u00e1sicas Griega y Latina<\/span><\/td>\n<td style=\"text-align: center; background-color: #ffffff;\"><span style=\"color: #003366; font-size: 10pt; font-family: arial,helvetica,sans-serif;\" data-mce-mark=\"1\">4<\/span><\/td>\n<\/tr>\n<tr style=\"background-color: #e2e2c5;\">\n<td valign=\"top\" width=\"70%\"><span style=\"color: #003366; font-size: 10pt; font-family: arial,helvetica,sans-serif;\" data-mce-mark=\"1\">Literatura Espa\u00f1ola<\/span><\/td>\n<td align=\"center\" width=\"30%\"><span style=\"color: #003366; font-size: 10pt; font-family: arial,helvetica,sans-serif;\" data-mce-mark=\"1\">4<\/span><\/td>\n<\/tr>\n<\/tbody>\n<\/table>\n<table style=\"width: 100%;\" border=\"0\" cellspacing=\"2\" cellpadding=\"2\">\n<tbody>\n<tr style=\"background-color: #f9ee9e;\">\n<td class=\"Titulo2\" style=\"background-color: #f9ee9e;\"><span style=\"color: #003366;\" data-mce-mark=\"1\"><strong>2do. a\u00f1o<\/strong><\/span><\/td>\n<\/tr>\n<\/tbody>\n<\/table>\n<table class=\"Tabla\" style=\"width: 100%;\" border=\"0\" cellspacing=\"2\" cellpadding=\"4\">\n<tbody>\n<tr bgcolor=\"#f9f7ed\">\n<td valign=\"top\" width=\"70%\"><span style=\"font-family: arial,helvetica,sans-serif; font-size: 10pt; color: #003366;\" data-mce-mark=\"1\">Psicolog\u00eda y Educaci\u00f3n<\/span><\/td>\n<td align=\"center\" width=\"30%\"><span style=\"font-family: arial,helvetica,sans-serif; font-size: 10pt; color: #003366;\" data-mce-mark=\"1\">4<\/span><\/td>\n<\/tr>\n<tr bgcolor=\"#e2e2c5\">\n<td valign=\"top\" width=\"70%\"><span style=\"font-family: arial,helvetica,sans-serif; font-size: 10pt; color: #003366;\" data-mce-mark=\"1\">Did\u00e1ctica General<\/span><\/td>\n<td align=\"center\" width=\"30%\"><span style=\"font-family: arial,helvetica,sans-serif; font-size: 10pt; color: #003366;\" data-mce-mark=\"1\">3<\/span><\/td>\n<\/tr>\n<tr bgcolor=\"#f9f7ed\">\n<td valign=\"top\" width=\"70%\"><span style=\"font-family: arial,helvetica,sans-serif; font-size: 10pt; color: #003366;\" data-mce-mark=\"1\">Pr\u00e1ctica Docente II: Escuela, Historias Documentadas y Cotidianeidad<\/span><\/td>\n<td align=\"center\" width=\"30%\"><span style=\"font-family: arial,helvetica,sans-serif; font-size: 10pt; color: #003366;\" data-mce-mark=\"1\">4<\/span><\/td>\n<\/tr>\n<tr bgcolor=\"#e2e2c5\">\n<td valign=\"top\" width=\"70%\"><span style=\"font-family: arial,helvetica,sans-serif; font-size: 10pt; color: #003366;\" data-mce-mark=\"1\">Historia de la Lengua I<\/span><\/td>\n<td align=\"center\" width=\"30%\"><span style=\"font-family: arial,helvetica,sans-serif; font-size: 10pt; color: #003366;\" data-mce-mark=\"1\">5<\/span><\/td>\n<\/tr>\n<tr bgcolor=\"#f9f7ed\">\n<td valign=\"top\" width=\"70%\"><span style=\"font-family: arial,helvetica,sans-serif; font-size: 10pt; color: #003366;\" data-mce-mark=\"1\">Teor\u00eda y An\u00e1lisis Literario II<\/span><\/td>\n<td align=\"center\" width=\"30%\"><span style=\"font-family: arial,helvetica,sans-serif; font-size: 10pt; color: #003366;\" data-mce-mark=\"1\">3<\/span><\/td>\n<\/tr>\n<tr bgcolor=\"#e2e2c5\">\n<td valign=\"top\" width=\"70%\"><span style=\"font-family: arial,helvetica,sans-serif; font-size: 10pt; color: #003366;\" data-mce-mark=\"1\">Literatura Latinoamericana I<\/span><\/td>\n<td align=\"center\" width=\"30%\"><span style=\"font-family: arial,helvetica,sans-serif; font-size: 10pt; color: #003366;\" data-mce-mark=\"1\">3<\/span><\/td>\n<\/tr>\n<tr bgcolor=\"#f9f7ed\">\n<td valign=\"top\" width=\"70%\"><span style=\"font-family: arial,helvetica,sans-serif; font-size: 10pt; color: #003366;\" data-mce-mark=\"1\">Lengua y Literatura en Educaci\u00f3n Secundaria<\/span><\/td>\n<td align=\"center\" width=\"30%\"><span style=\"font-family: arial,helvetica,sans-serif; font-size: 10pt; color: #003366;\" data-mce-mark=\"1\">2<\/span><\/td>\n<\/tr>\n<tr bgcolor=\"#e2e2c5\">\n<td valign=\"top\" width=\"70%\"><span style=\"font-family: arial,helvetica,sans-serif; font-size: 10pt; color: #003366;\" data-mce-mark=\"1\">Sujetos de la Educaci\u00f3n<\/span><\/td>\n<td align=\"center\" width=\"30%\"><span style=\"font-family: arial,helvetica,sans-serif; font-size: 10pt; color: #003366;\" data-mce-mark=\"1\">4<\/span><\/td>\n<\/tr>\n<\/tbody>\n<\/table>\n<table style=\"width: 100%;\" border=\"0\" cellspacing=\"2\" cellpadding=\"2\">\n<tbody>\n<tr>\n<td class=\"Titulo2\" style=\"background-color: #f9ee9e;\"><span style=\"color: #003366;\" data-mce-mark=\"1\"><strong>3\u00ba a\u00f1o<\/strong><\/span><\/td>\n<\/tr>\n<\/tbody>\n<\/table>\n<table class=\"Tabla\" style=\"width: 100%;\" border=\"0\" cellspacing=\"2\" cellpadding=\"4\">\n<tbody>\n<tr bgcolor=\"#f9f7ed\">\n<td valign=\"top\" width=\"70%\"><span style=\"color: #003366; font-family: arial,helvetica,sans-serif; font-size: 10pt;\" data-mce-mark=\"1\">Filosof\u00eda y Educaci\u00f3n<\/span><\/td>\n<td align=\"center\" width=\"30%\"><span style=\"color: #003366; font-family: arial,helvetica,sans-serif; font-size: 10pt;\" data-mce-mark=\"1\">3<\/span><\/td>\n<\/tr>\n<tr bgcolor=\"#e2e2c5\">\n<td valign=\"top\" width=\"70%\"><span style=\"color: #003366; font-family: arial,helvetica,sans-serif; font-size: 10pt;\" data-mce-mark=\"1\">Pr\u00e1ctica Docente III: El Aula Espacio del Aprender y del Ense\u00f1ar<\/span><\/td>\n<td align=\"center\" width=\"30%\"><span style=\"color: #003366; font-family: arial,helvetica,sans-serif; font-size: 10pt;\" data-mce-mark=\"1\">5<\/span><\/td>\n<\/tr>\n<tr bgcolor=\"#f9f7ed\">\n<td valign=\"top\" width=\"70%\"><span style=\"color: #003366; font-family: arial,helvetica,sans-serif; font-size: 10pt;\" data-mce-mark=\"1\">Estudios del Discurso<\/span><\/td>\n<td align=\"center\" width=\"30%\"><span style=\"color: #003366; font-family: arial,helvetica,sans-serif; font-size: 10pt;\" data-mce-mark=\"1\">3<\/span><\/td>\n<\/tr>\n<tr bgcolor=\"#e2e2c5\">\n<td valign=\"top\" width=\"70%\"><span style=\"color: #003366; font-family: arial,helvetica,sans-serif; font-size: 10pt;\" data-mce-mark=\"1\">Historia de la Lengua II<\/span><\/td>\n<td align=\"center\" width=\"30%\"><span style=\"color: #003366; font-family: arial,helvetica,sans-serif; font-size: 10pt;\" data-mce-mark=\"1\">4<\/span><\/td>\n<\/tr>\n<tr bgcolor=\"#f9f7ed\">\n<td valign=\"top\" width=\"70%\"><span style=\"color: #003366; font-family: arial,helvetica,sans-serif; font-size: 10pt;\" data-mce-mark=\"1\">Literaturas en Lenguas Extranjeras<\/span><\/td>\n<td align=\"center\" width=\"30%\"><span style=\"color: #003366; font-family: arial,helvetica,sans-serif; font-size: 10pt;\" data-mce-mark=\"1\">4<\/span><\/td>\n<\/tr>\n<tr bgcolor=\"#e2e2c5\">\n<td valign=\"top\" width=\"70%\"><span style=\"color: #003366; font-family: arial,helvetica,sans-serif; font-size: 10pt;\" data-mce-mark=\"1\">Literatura Latinoamericana II<\/span><\/td>\n<td align=\"center\" width=\"30%\"><span style=\"color: #003366; font-family: arial,helvetica,sans-serif; font-size: 10pt;\" data-mce-mark=\"1\">3<\/span><\/td>\n<\/tr>\n<tr bgcolor=\"#f9f7ed\">\n<td valign=\"top\" width=\"70%\"><span style=\"color: #003366; font-family: arial,helvetica,sans-serif; font-size: 10pt;\" data-mce-mark=\"1\">Literatura Argentina I<\/span><\/td>\n<td align=\"center\" width=\"30%\"><span style=\"color: #003366; font-family: arial,helvetica,sans-serif; font-size: 10pt;\" data-mce-mark=\"1\">4<\/span><\/td>\n<\/tr>\n<tr bgcolor=\"#e2e2c5\">\n<td valign=\"top\" width=\"70%\"><span style=\"color: #003366; font-family: arial,helvetica,sans-serif; font-size: 10pt;\" data-mce-mark=\"1\">Did\u00e1ctica de la Lengua<\/span><\/td>\n<td align=\"center\" width=\"30%\"><span style=\"color: #003366; font-family: arial,helvetica,sans-serif; font-size: 10pt;\" data-mce-mark=\"1\">3<\/span><\/td>\n<\/tr>\n<tr bgcolor=\"#f9f7ed\">\n<td valign=\"top\" width=\"70%\"><span style=\"color: #003366; font-family: arial,helvetica,sans-serif; font-size: 10pt;\" data-mce-mark=\"1\">Did\u00e1ctica de la Literatura<\/span><\/td>\n<td align=\"center\" width=\"30%\"><span style=\"color: #003366; font-family: arial,helvetica,sans-serif; font-size: 10pt;\" data-mce-mark=\"1\">3<\/span><\/td>\n<\/tr>\n<\/tbody>\n<\/table>\n<table style=\"width: 100%;\" border=\"0\" cellspacing=\"2\" cellpadding=\"2\">\n<tbody>\n<tr>\n<td class=\"Titulo2\" style=\"background-color: #f9ee9e;\"><span style=\"color: #003366;\" data-mce-mark=\"1\"><strong>4\u00ba a\u00f1o<\/strong><\/span><\/td>\n<\/tr>\n<\/tbody>\n<\/table>\n<table class=\"Tabla\" style=\"width: 100%;\" border=\"0\" cellspacing=\"2\" cellpadding=\"4\">\n<tbody>\n<tr bgcolor=\"#f9f7ed\">\n<td valign=\"top\" width=\"70%\"><span style=\"color: #003366; font-family: arial,helvetica,sans-serif; font-size: 10pt;\" data-mce-mark=\"1\">Historia y Pol\u00edtica de la Educaci\u00f3n Argentina<\/span><\/td>\n<td align=\"center\" width=\"30%\"><span style=\"color: #003366; font-family: arial,helvetica,sans-serif; font-size: 10pt;\" data-mce-mark=\"1\">3<\/span><\/td>\n<\/tr>\n<tr bgcolor=\"#e2e2c5\">\n<td valign=\"top\" width=\"70%\"><span style=\"color: #003366; font-family: arial,helvetica,sans-serif; font-size: 10pt;\" data-mce-mark=\"1\">\u00c9tica y Construcci\u00f3n Ciudadana<\/span><\/td>\n<td align=\"center\" width=\"30%\"><span style=\"color: #003366; font-family: arial,helvetica,sans-serif; font-size: 10pt;\" data-mce-mark=\"1\">3<\/span><\/td>\n<\/tr>\n<tr bgcolor=\"#f9f7ed\">\n<td valign=\"top\" width=\"70%\"><span style=\"color: #003366; font-family: arial,helvetica,sans-serif; font-size: 10pt;\" data-mce-mark=\"1\">Pr\u00e1ctica Docente IV y Residencia<\/span><\/td>\n<td align=\"center\" width=\"30%\"><span style=\"color: #003366; font-family: arial,helvetica,sans-serif; font-size: 10pt;\" data-mce-mark=\"1\">8<\/span><\/td>\n<\/tr>\n<tr bgcolor=\"#e2e2c5\">\n<td valign=\"top\" width=\"70%\"><span style=\"color: #003366; font-family: arial,helvetica,sans-serif; font-size: 10pt;\" data-mce-mark=\"1\">Socio y Etnoling\u00fc\u00edstica<\/span><\/td>\n<td align=\"center\" width=\"30%\"><span style=\"color: #003366; font-family: arial,helvetica,sans-serif; font-size: 10pt;\" data-mce-mark=\"1\">2<\/span><\/td>\n<\/tr>\n<tr bgcolor=\"#f9f7ed\">\n<td valign=\"top\" width=\"70%\"><span style=\"color: #003366; font-family: arial,helvetica,sans-serif; font-size: 10pt;\" data-mce-mark=\"1\">Literaturas en Lenguas Extranjeras II<\/span><\/td>\n<td align=\"center\" width=\"30%\"><span style=\"color: #003366; font-family: arial,helvetica,sans-serif; font-size: 10pt;\" data-mce-mark=\"1\">4<\/span><\/td>\n<\/tr>\n<tr bgcolor=\"#e2e2c5\">\n<td valign=\"top\" width=\"70%\"><span style=\"color: #003366; font-family: arial,helvetica,sans-serif; font-size: 10pt;\" data-mce-mark=\"1\">Literatura Argentina II<\/span><\/td>\n<td align=\"center\" width=\"30%\"><span style=\"color: #003366; font-family: arial,helvetica,sans-serif; font-size: 10pt;\" data-mce-mark=\"1\">4<\/span><\/td>\n<\/tr>\n<tr bgcolor=\"#f9f7ed\">\n<td valign=\"top\" width=\"70%\"><span style=\"color: #003366; font-family: arial,helvetica,sans-serif; font-size: 10pt;\" data-mce-mark=\"1\">Lectura y Escritura Cr\u00edtica y Creativa<\/span><\/td>\n<td align=\"center\" width=\"30%\"><span style=\"color: #003366; font-family: arial,helvetica,sans-serif; font-size: 10pt;\" data-mce-mark=\"1\">3<\/span><\/td>\n<\/tr>\n<tr bgcolor=\"#e2e2c5\">\n<td valign=\"top\" width=\"70%\"><span style=\"color: #003366; font-family: arial,helvetica,sans-serif; font-size: 10pt;\" data-mce-mark=\"1\">Alfabetizaci\u00f3n Inicial<\/span><\/td>\n<td align=\"center\" width=\"30%\"><span style=\"color: #003366; font-family: arial,helvetica,sans-serif; font-size: 10pt;\" data-mce-mark=\"1\">2<\/span><\/td>\n<\/tr>\n<\/tbody>\n<\/table>\n<p style=\"text-align: right;\"><strong><span style=\"font-size: 8pt;\"><a href=\"index.cgi?wid_seccion=21\">Volver a Carreras<\/a><\/span><\/strong><\/p>\n<p>&nbsp;<\/p>\n<p>&nbsp;<\/p>\n","protected":false},"excerpt":{"rendered":"<p>Duraci\u00f3n: 4 a\u00f1os T\u00edtulo: Profesor de Educaci\u00f3n Secundaria en Lengua y Literatura La formaci\u00f3n docente en Lengua y Literatura le permite adquirir un conocimiento de la lengua espa\u00f1ola: su fonolog\u00eda, morfolog\u00eda, sintaxis, y sem\u00e1ntica, como as\u00ed tambi\u00e9n herramientas para el an\u00e1lisis del discurso literario. Adem\u00e1s, lo formar\u00e1 en competencias pedag\u00f3gico- did\u00e1cticas para dise\u00f1ar, ejecutar y &#8230; <a title=\"Profesorado de Educaci\u00f3n Secundaria en Lengua y Literatura\" class=\"read-more\" href=\"https:\/\/iesbolivar-cba.infd.edu.ar\/sitio\/lengua-y-literatura\/\" aria-label=\"More on Profesorado de Educaci\u00f3n Secundaria en Lengua y Literatura\">[+]<\/a><\/p>\n","protected":false},"author":3377,"featured_media":0,"parent":0,"menu_order":0,"comment_status":"closed","ping_status":"closed","template":"","meta":[],"acf":[],"_links":{"self":[{"href":"https:\/\/iesbolivar-cba.infd.edu.ar\/sitio\/wp-json\/wp\/v2\/pages\/949"}],"collection":[{"href":"https:\/\/iesbolivar-cba.infd.edu.ar\/sitio\/wp-json\/wp\/v2\/pages"}],"about":[{"href":"https:\/\/iesbolivar-cba.infd.edu.ar\/sitio\/wp-json\/wp\/v2\/types\/page"}],"author":[{"embeddable":true,"href":"https:\/\/iesbolivar-cba.infd.edu.ar\/sitio\/wp-json\/wp\/v2\/users\/3377"}],"replies":[{"embeddable":true,"href":"https:\/\/iesbolivar-cba.infd.edu.ar\/sitio\/wp-json\/wp\/v2\/comments?post=949"}],"version-history":[{"count":6,"href":"https:\/\/iesbolivar-cba.infd.edu.ar\/sitio\/wp-json\/wp\/v2\/pages\/949\/revisions"}],"predecessor-version":[{"id":2698,"href":"https:\/\/iesbolivar-cba.infd.edu.ar\/sitio\/wp-json\/wp\/v2\/pages\/949\/revisions\/2698"}],"wp:attachment":[{"href":"https:\/\/iesbolivar-cba.infd.edu.ar\/sitio\/wp-json\/wp\/v2\/media?parent=949"}],"curies":[{"name":"wp","href":"https:\/\/api.w.org\/{rel}","templated":true}]}}