{"id":942,"date":"2018-06-29T17:35:29","date_gmt":"2018-06-29T20:35:29","guid":{"rendered":"https:\/\/iesbolivar-cba.infd.edu.ar\/sitio\/historia\/"},"modified":"2025-11-07T14:21:54","modified_gmt":"2025-11-07T17:21:54","slug":"historia","status":"publish","type":"page","link":"https:\/\/iesbolivar-cba.infd.edu.ar\/sitio\/historia\/","title":{"rendered":"Historia"},"content":{"rendered":"<p style=\"text-align: justify;\"><span style=\"font-family: arial,helvetica,sans-serif;\"><span style=\"font-size: small;\">\u00a0<\/span><\/span><\/p>\n<table style=\"width: 100%;\" border=\"0\" cellspacing=\"0\" cellpadding=\"4\">\n<tbody>\n<tr>\n<td class=\"Titulo1\" style=\"background-color: #f9ee9e;\"><span style=\"color: #003366; background-color: #ffff99;\"><strong>El Origen&#8230;<\/strong><\/span><\/td>\n<\/tr>\n<\/tbody>\n<\/table>\n<p style=\"text-align: justify;\"><span style=\"color: #000080;\"><span style=\"font-family: arial, helvetica, sans-serif;\"><span style=\"font-size: small;\">En la ciudad de C\u00f3rdoba el 2 de junio de 1884 se fund\u00f3 la \u201cEscuela Normal de Maestras\u201d, escuela que hechas ra\u00edces al inaugurar su edificio en el a\u00f1o 1912 frente a la actual plaza Col\u00f3n. <\/span><\/span><span style=\"font-family: arial, helvetica, sans-serif;\"><span style=\"font-size: small;\">Al siguiente a\u00f1o, por Ley de presupuesto de la naci\u00f3n,\u00a0el instituto pas\u00f3 a ser \u201cEscuela Normal de Profesores\u201d, y es en el per\u00edodo durante el cual fue suspendido el curso de profesorado para luego en 1937 ser restablecido, cuando una comisi\u00f3n de homenaje, resuelve que la escuela debe llevar el nombre distintivo del doctor Alejandro Carb\u00f3, educador y pol\u00edtico de fuerte personalidad y con permanente vocaci\u00f3n de servicio, quien hab\u00eda conducido como director los destinos de la instituci\u00f3n. As\u00ed es como en 1931 pas\u00f3 a llamarse ESCUELA NORMAL SUPERIOR ALEJANDRO CARB\u00d3.<\/span><\/span><\/span><\/p>\n<table style=\"width: 100%;\" border=\"0\" cellspacing=\"0\" cellpadding=\"4\">\n<tbody>\n<tr>\n<td class=\"Titulo1\" style=\"background-color: #f9ee9e;\"><span style=\"color: #003366;\"><strong>Creciendo&#8230;<\/strong><\/span><\/td>\n<\/tr>\n<\/tbody>\n<\/table>\n<p style=\"text-align: justify;\"><span style=\"background-color: #ffffff; color: #000080;\"><span style=\"text-align: justify; font-family: arial, helvetica, sans-serif; font-size: small;\">Corr\u00eda el tiempo y C\u00f3rdoba, cl\u00e1sicamente docta, se poblaba de prestigiosos maestros y profesores en ciencias o en letras egresados de la <\/span><em style=\"font-size: small; font-family: arial, helvetica, sans-serif; color: #000080; text-align: justify;\">Escuela Normal <\/em><em style=\"font-size: small; font-family: arial, helvetica, sans-serif; color: #000080; text-align: justify;\">Superior del Profesorado Alejandro Carb\u00f3. <\/em><span style=\"text-align: justify; font-family: arial, helvetica, sans-serif; font-size: small;\">En 1953, se la habilita para crear los profesorados anexos en distintas modalidades y, desde entonces, la instituci\u00f3n alberg\u00f3, primero, a los profesorados de <\/span><em style=\"font-size: small; font-family: arial, helvetica, sans-serif; color: #000080; text-align: justify;\">Castellano, Literatura y Lat\u00edn <\/em><span style=\"text-align: justify; font-family: arial, helvetica, sans-serif; font-size: small;\">y de <\/span><em style=\"font-size: small; font-family: arial, helvetica, sans-serif; color: #000080; text-align: justify;\">Matem\u00e1tica, F\u00edsica y Cosmograf\u00eda<\/em><span style=\"text-align: justify; font-family: arial, helvetica, sans-serif; font-size: small;\">, incorporando posteriormente los de <\/span><em style=\"font-size: small; font-family: arial, helvetica, sans-serif; color: #000080; text-align: justify;\">Geograf\u00eda <\/em><span style=\"text-align: justify; font-family: arial, helvetica, sans-serif; font-size: small;\">y de <\/span><em style=\"font-size: small; font-family: arial, helvetica, sans-serif; color: #000080; text-align: justify;\">Qu\u00edmica y Merceolog\u00eda.<\/em><\/span><\/p>\n<table style=\"width: 100%;\" border=\"0\" cellspacing=\"0\" cellpadding=\"4\">\n<tbody>\n<tr>\n<td class=\"Titulo1\" style=\"background-color: #f9ee9e;\"><span style=\"color: #003366;\"><strong>Un nuevo perfil&#8230;<\/strong><\/span><\/td>\n<\/tr>\n<\/tbody>\n<\/table>\n<p class=\"Titulo1 Texto_arial Texto_verdana\" style=\"text-align: justify;\"><span style=\"color: #000080;\"><span style=\"font-family: arial, helvetica, sans-serif;\"><span style=\"font-size: small;\">En la d\u00e9cada de 80 -precisamente en el mes de agosto del a\u00f1o 1987- por decisi\u00f3n ministerial, los profesorados que depend\u00edan de las antiguas escuelas normales se independizan de ellas y pasan a constituir los <em>Institutos de Formaci\u00f3n Docente<\/em>. As\u00ed, por Decreto Ley 1763\/87 del Ministerio de Educaci\u00f3n de la Naci\u00f3n , la <em>Escuela Normal <\/em><em>Superior Alejandro Carb\u00f3 <\/em>da origen al hoy <em>INSTITUTO DE FORMACI\u00d3N DOCENTE \u201cSim\u00f3n Bol\u00edvar\u201d. <\/em><\/span><\/span><\/span><\/p>\n<p style=\"text-align: justify;\"><span style=\"color: #000080;\"><span style=\"font-family: arial, helvetica, sans-serif;\"><span style=\"font-size: small;\">En enero de 1995, este instituto nacido en la \u00f3rbita nacional y que, en su extensa trayectoria, ha realizado importantes aportes a la expansi\u00f3n del sistema educativo y la producci\u00f3n pedag\u00f3gica, es transferido, por Acta N\u00ba 6 del Convenio de Transferencia, a la administraci\u00f3n de la Provincia de C\u00f3rdoba, dando cumplimiento a la Ley de Naci\u00f3n n\u00famero 24.049 sancionada el 6 de diciembre de 1991 y promulgada el 2 de enero de 1992, que facult\u00f3 al Poder Ejecutivo Nacional a transferir a las Provincias y a la Municipalidad de Buenos Aires, los servicios educativos administrados en forma directa por el Ministerio de Cultura y Educaci\u00f3n y por el Consejo Nacional de Educaci\u00f3n T\u00e9cnica. <\/span><\/span><\/span><\/p>\n<table style=\"width: 100%;\" border=\"0\" cellspacing=\"0\" cellpadding=\"4\">\n<tbody>\n<tr>\n<td class=\"Titulo1\" style=\"background-color: #f9ee9e;\"><span style=\"color: #003366;\"><strong>Siempre en marcha&#8230;<\/strong><\/span><\/td>\n<\/tr>\n<\/tbody>\n<\/table>\n<p style=\"text-align: justify;\"><span style=\"font-size: small; color: #000080; font-family: arial, helvetica, sans-serif;\">En la actualidad, el I.F.D. \u201cSim\u00f3n Bol\u00edvar\u201d es parte de la Formaci\u00f3n Docente de Nivel Superior no Universitario y cuenta con planes de estudio modificados por Resoluci\u00f3n 91\/01, en un todo de acuerdo con la Transformaci\u00f3n Educativa. <\/span><\/p>\n<p style=\"text-align: justify;\"><span style=\"font-size: small; color: #000080; font-family: arial, helvetica, sans-serif;\" data-mce-mark=\"1\"><span style=\"font-size: small; color: #000080; font-family: arial, helvetica, sans-serif;\" data-mce-mark=\"1\"><span style=\"font-size: small; color: #000080; font-family: arial, helvetica, sans-serif;\" data-mce-mark=\"1\">A partir del a\u00f1o 2003, nuestro Instituto acepta un nuevo desaf\u00edo al incorporar la <em>Tecnicatura en \u00d3ptica y Contactolog\u00eda,<\/em> y e<\/span><\/span><span style=\"font-size: small; color: #000080; font-family: arial, helvetica, sans-serif;\" data-mce-mark=\"1\">n 2007 se incorpora la <em>Tecnicatura Superior en Administraci\u00f3n P\u00fablica con orientaci\u00f3n en Desarrollo Local y en Gesti\u00f3n Parlamentaria (<\/em>actualmente<em> Tecnicatura Superior en Gesti\u00f3n P\u00fablica y ONG)<\/em>, y en 2008, la <em>Tecnicatura Superior en Inform\u00e1tica <\/em>que funciona en el Anexo de Villa El Libertador, actualmente el plan de estudios se reformul\u00f3 y se forman t\u00e9cnicos en <em>Desarrollo de Software<\/em>. En el barrio mencionado se abre en el a\u00f1o 2012, la <em>Tecnicatura Superior en Enfermer\u00eda.<\/em><br \/>\n<\/span><\/span><\/p>\n<p style=\"text-align: justify;\"><span style=\"font-size: small; color: #000080; font-family: arial, helvetica, sans-serif;\" data-mce-mark=\"1\"><span style=\"font-size: small; color: #000080; font-family: arial, helvetica, sans-serif;\" data-mce-mark=\"1\">El Bol\u00edvar suma m\u00e1s anexos, en Barrio San Mart\u00edn, se dicta la\u00a0<em>Tecnicatua Superior en Gesti\u00f3n Ambiental.<\/em><\/span><\/span><\/p>\n<table style=\"width: 100%;\" border=\"0\" cellspacing=\"0\" cellpadding=\"4\">\n<tbody>\n<tr>\n<td class=\"Titulo1\" style=\"background-color: #f9ee9e;\"><span style=\"font-family: arial,helvetica,sans-serif; color: #333399; font-size: small;\">Inauguraci\u00f3n del Nuevo Edificio\u00a0<\/span><\/td>\n<\/tr>\n<\/tbody>\n<\/table>\n<p style=\"text-align: justify;\"><span style=\"color: #000080; font-family: arial,helvetica,sans-serif; font-size: 10pt;\">El 17 de septiembre de 2014, D\u00eda del Profesor, se produce un nuevo hito en la historia del Instituto: el Gobernador Jos\u00e9 Manuel De la Sota inaugura su nuevo edificio en Barrio San Vicente.\u00a0<\/span><\/p>\n<p style=\"text-align: justify;\"><span style=\"color: #000080; font-family: arial,helvetica,sans-serif; font-size: 10pt;\">Las instalaciones, ubicadas en Agust\u00edn Garz\u00f3n 1225, tienen capacidad para 2.000 alumnos y una superficie de 5.150 metros cuadrados distribuidos en cinco plantas accesibles por v\u00edas de elevaci\u00f3n mec\u00e1nica, escaleras y rampas.<span style=\"color: #003366;\">\u00a0<\/span><\/span><\/p>\n<p style=\"text-align: justify;\"><span style=\"color: #000080; font-family: arial,helvetica,sans-serif; font-size: 10pt;\"><span style=\"color: #003366;\"><img decoding=\"async\" loading=\"lazy\" style=\"vertical-align: middle; border: 1px solid black;\" src=\"https:\/\/iesbolivar-cba.infd.edu.ar\/sitio\/wp-content\/uploads\/2018\/06\/plantas.png\" alt=\"Plantas\" width=\"500\" height=\"394\" border=\"0\" \/><\/span><\/span><\/p>\n<p style=\"text-align: justify;\"><span style=\"color: #000080; font-family: arial,helvetica,sans-serif; font-size: 10pt;\"><span style=\"color: #003366;\">En la planta baja, se encuentran el \u00e1rea social, el bar, la administraci\u00f3n, mediateca, el auditorio y un n\u00facleo sanitario.<\/span><\/span><\/p>\n<table style=\"width: 500px;\" border=\"0\" align=\"left\">\n<tbody>\n<tr>\n<td><span style=\"color: #003366; font-family: arial,helvetica,sans-serif; font-size: 10pt;\"><img decoding=\"async\" loading=\"lazy\" style=\"float: left; border: 1px solid black;\" src=\"https:\/\/iesbolivar-cba.infd.edu.ar\/sitio\/wp-content\/uploads\/2018\/06\/PB_1.jpg\" alt=\"Instituto PB\" width=\"700\" height=\"238\" border=\"0\" \/><\/span><\/td>\n<\/tr>\n<\/tbody>\n<\/table>\n<p style=\"text-align: justify;\">\n<table style=\"width: 500px;\" border=\"0\" align=\"left\">\n<tbody>\n<tr>\n<td><\/td>\n<\/tr>\n<\/tbody>\n<\/table>\n<p style=\"text-align: justify;\">\n<p style=\"text-align: justify;\">\n<p style=\"text-align: justify;\"><span style=\"font-size: small; color: #000080; font-family: arial, helvetica, sans-serif;\" data-mce-mark=\"1\">La instituci\u00f3n se encuentra transitando estos nuevos tiempos en la tarea de formar docentes y t\u00e9cnicos, como personas comprometidas con la transmisi\u00f3n y recreaci\u00f3n de la cultura y dotados de las capacidades necesarias para generar responsabilidades de acci\u00f3n social democr\u00e1tica y participativa, al servicio de la comunidad local y nacional.<\/span><\/p>\n","protected":false},"excerpt":{"rendered":"<p>\u00a0 El Origen&#8230; En la ciudad de C\u00f3rdoba el 2 de junio de 1884 se fund\u00f3 la \u201cEscuela Normal de Maestras\u201d, escuela que hechas ra\u00edces al inaugurar su edificio en el a\u00f1o 1912 frente a la actual plaza Col\u00f3n. Al siguiente a\u00f1o, por Ley de presupuesto de la naci\u00f3n,\u00a0el instituto pas\u00f3 a ser \u201cEscuela Normal &#8230; <a title=\"Historia\" class=\"read-more\" href=\"https:\/\/iesbolivar-cba.infd.edu.ar\/sitio\/historia\/\" aria-label=\"More on Historia\">[+]<\/a><\/p>\n","protected":false},"author":3377,"featured_media":0,"parent":0,"menu_order":0,"comment_status":"closed","ping_status":"closed","template":"","meta":[],"acf":[],"_links":{"self":[{"href":"https:\/\/iesbolivar-cba.infd.edu.ar\/sitio\/wp-json\/wp\/v2\/pages\/942"}],"collection":[{"href":"https:\/\/iesbolivar-cba.infd.edu.ar\/sitio\/wp-json\/wp\/v2\/pages"}],"about":[{"href":"https:\/\/iesbolivar-cba.infd.edu.ar\/sitio\/wp-json\/wp\/v2\/types\/page"}],"author":[{"embeddable":true,"href":"https:\/\/iesbolivar-cba.infd.edu.ar\/sitio\/wp-json\/wp\/v2\/users\/3377"}],"replies":[{"embeddable":true,"href":"https:\/\/iesbolivar-cba.infd.edu.ar\/sitio\/wp-json\/wp\/v2\/comments?post=942"}],"version-history":[{"count":3,"href":"https:\/\/iesbolivar-cba.infd.edu.ar\/sitio\/wp-json\/wp\/v2\/pages\/942\/revisions"}],"predecessor-version":[{"id":4584,"href":"https:\/\/iesbolivar-cba.infd.edu.ar\/sitio\/wp-json\/wp\/v2\/pages\/942\/revisions\/4584"}],"wp:attachment":[{"href":"https:\/\/iesbolivar-cba.infd.edu.ar\/sitio\/wp-json\/wp\/v2\/media?parent=942"}],"curies":[{"name":"wp","href":"https:\/\/api.w.org\/{rel}","templated":true}]}}