{"id":919,"date":"2018-06-29T17:35:18","date_gmt":"2018-06-29T20:35:18","guid":{"rendered":"https:\/\/iesbolivar-cba.infd.edu.ar\/sitio\/carreras\/"},"modified":"2025-10-28T10:53:09","modified_gmt":"2025-10-28T13:53:09","slug":"carreras","status":"publish","type":"page","link":"https:\/\/iesbolivar-cba.infd.edu.ar\/sitio\/carreras\/","title":{"rendered":"Carreras"},"content":{"rendered":"<h2><\/h2>\n<h2><span style=\"color: #808080;\">Carreras, du<\/span><span style=\"color: #808080;\">raci\u00f3n y horarios de cursado<br \/>\n<\/span><\/h2>\n<p>Todas las carreras dictadas en el IES Sim\u00f3n Bol\u00edvar tienen una <strong>duraci\u00f3n de 4 a\u00f1os y se dictan en tres turnos<\/strong>.<\/p>\n<p>En el <strong>turno ma\u00f1ana<\/strong>, de 8.00 a 13,00 hs. se dicta:<\/p>\n<ul>\n<li>Profesorado de Educaci\u00f3n Secundaria en Lengua y Literatura\u00a0(<a href=\"https:\/\/iesbolivar-cba.infd.edu.ar\/sitio\/lengua-y-literatura\/\">ver m\u00e1s<\/a>)<\/li>\n<li>Profesorado de Educaci\u00f3n Secundaria en Historia\u00a0\u00a0(<a href=\"https:\/\/iesbolivar-cba.infd.edu.ar\/sitio\/historia-2\/\">ver m\u00e1s<\/a>)<a href=\"index.cgi?wid_item=93&amp;wid_seccion=21\"><br \/>\n<\/a><\/li>\n<li>Profesorado de Ingl\u00e9s\u00a0(<a href=\"https:\/\/iesbolivar-cba.infd.edu.ar\/sitio\/ingles\/\">ver m\u00e1s<\/a>)<\/li>\n<\/ul>\n<p>En el <strong>turno tarde<\/strong>, de 13,00 a 17,50 hs. se dictan:<\/p>\n<ul>\n<li>Profesorado de Educaci\u00f3n Secundaria en Matem\u00e1tica\u00a0(<a href=\"https:\/\/iesbolivar-cba.infd.edu.ar\/sitio\/matematica\/\">ver m\u00e1s<\/a>)<\/li>\n<li>Profesorado de Educaci\u00f3n Secundaria en Biolog\u00eda (<a href=\"https:\/\/iesbolivar-cba.infd.edu.ar\/sitio\/carreras\/biologia-2\/\">ver m\u00e1s<\/a>)<\/li>\n<\/ul>\n<p>En el <strong>turno noche,<\/strong> de 17,50 a 22,40 hs.\u00a0 se dictan:<\/p>\n<ul>\n<li>Profesorado de Educaci\u00f3n Secundaria en F\u00edsica (<a href=\"https:\/\/iesbolivar-cba.infd.edu.ar\/sitio\/fisica\/\">ver m\u00e1s<\/a>)<a href=\"index.cgi?wid_item=29&amp;wid_seccion=21\"><br \/>\n<\/a><\/li>\n<li>Profesorado de Educaci\u00f3n Secundaria en Qu\u00edmica\u00a0(<a href=\"https:\/\/iesbolivar-cba.infd.edu.ar\/sitio\/quimica\/\">ver m\u00e1s<\/a>)<\/li>\n<li>Profesorado de Educaci\u00f3n Secundaria en Lengua y Literatura\u00a0(<a href=\"https:\/\/iesbolivar-cba.infd.edu.ar\/sitio\/lengua-y-literatura\/\">ver m\u00e1s<\/a>)<br \/>\nProfesorado de Educaci\u00f3n Secundaria en Geograf\u00eda\u00a0(<a href=\"https:\/\/iesbolivar-cba.infd.edu.ar\/sitio\/geografia\/\">ver m\u00e1s<\/a>)<\/li>\n<\/ul>\n<h2><span style=\"color: #808080;\">Alcance de los t\u00edtulos<\/span><\/h2>\n<p>Los t\u00edtulos de las carreras dictadas en el IES Sim\u00f3n Bol\u00edvar tienen <strong>validez nacional<\/strong>. El Instituto no dicta profesorados a distancia o trayecto pedag\u00f3gicos.<\/p>\n<h2><span style=\"color: #808080;\">Inscripciones a las carreras<\/span><\/h2>\n<p>Las inscripciones a las carreras se realizan desde el mes de noviembre a diciembre de cada a\u00f1o.<\/p>\n<h2><span style=\"color: #808080;\">Sedes de cursado<\/span><\/h2>\n<p>EL\u00a0IES Sim\u00f3n Bol\u00edvar dicta todas sus carreras en su <strong>sede central<\/strong> de calle\u00a0Agust\u00edn Garz\u00f3n 1225, en barrio San Vicente. Adem\u00e1s, cuenta con un <strong>Anexo\u00a0<\/strong>en barrio Villa El Libertador donde se dicta desde 2015 el Profesorado en Educaci\u00f3n Secundaria de Lengua y Literatura. El Anexo funciona en la <strong>Escuela Juana Marta Gonz\u00e1lez<\/strong>, ubicada en la calle Defensa 60, en el horario de 18 a 22 hs.<\/p>\n<h2><span style=\"color: #808080;\">Cursillo de ingreso<\/span><\/h2>\n<p><span style=\"font-weight: 400;\">Los pre-ingresantes a todas las carreras que ofrece el Instituto deben cursar dos instancias preparatorias y formativas que se cursan de manera alternada durante el mes de marzo de cada a\u00f1o: los seminarios \u00abEl oficio de Ense\u00f1ar\u00bb y \u00abAlfabetizaci\u00f3n Acad\u00e9mica\u00bb. El cursado es obligatorio, no es eliminatorio. Los materiales de lectura de los seminarios se ponen a disposici\u00f3n de los pre ingresantes en la p\u00e1gina web del Instituto, durante la semana previa al inicio del cursillo.<\/span><\/p>\n<h2><span style=\"color: #808080;\">Solicitud de equivalencias\u00a0<\/span><\/h2>\n<p>Lo\/as ingresantes que hayan cursado estudios superiores en otros Institutos de Educaci\u00f3n Superior o en Universidades, con reconocimiento oficial, y deseen solicitar la aprobaci\u00f3n de asignaturas por equivalencia, que se encuentren comprendidas en el Plan de Estudio de la Carrera que cursa, deber\u00e1n presentar la solicitud y la documentaci\u00f3n correspondiente durante los meses marzo de cada a\u00f1o. Para consultar m\u00e1s informaci\u00f3n ingresar aqu\u00ed: <a href=\"https:\/\/iesbolivar-cba.infd.edu.ar\/sitio\/tramites-de-equivalencias-por-asignaturas-cursadas-en-otras-carreras\/\">https:\/\/iesbolivar-cba.infd.edu.ar\/sitio\/tramites-de-equivalencias-por-asignaturas-cursadas-en-otras-carreras\/<\/a><\/p>\n<h2><span style=\"color: #808080;\"><br \/>\n<span style=\"color: #ffffff;\">Post\u00edtulos<\/span><\/span><\/h2>\n<p><span style=\"color: #ffffff;\"><span style=\"font-family: arial, helvetica, sans-serif; font-size: 12pt;\"><a style=\"color: #ffffff;\" href=\"http:\/\/programar.cba3.com.ar\/index.php\">Especializaci\u00f3n Docente de Nivel Superior en Ense\u00f1anza de la Programaci\u00f3n en Inform\u00e1tica<\/a><\/span><span style=\"font-family: arial, helvetica, sans-serif; font-size: 12pt;\">\u00a0<\/span><\/span><\/p>\n","protected":false},"excerpt":{"rendered":"<p>Carreras, duraci\u00f3n y horarios de cursado Todas las carreras dictadas en el IES Sim\u00f3n Bol\u00edvar tienen una duraci\u00f3n de 4 a\u00f1os y se dictan en tres turnos. En el turno ma\u00f1ana, de 8.00 a 13,00 hs. se dicta: Profesorado de Educaci\u00f3n Secundaria en Lengua y Literatura\u00a0(ver m\u00e1s) Profesorado de Educaci\u00f3n Secundaria en Historia\u00a0\u00a0(ver m\u00e1s) Profesorado &#8230; <a title=\"Carreras\" class=\"read-more\" href=\"https:\/\/iesbolivar-cba.infd.edu.ar\/sitio\/carreras\/\" aria-label=\"More on Carreras\">[+]<\/a><\/p>\n","protected":false},"author":3377,"featured_media":0,"parent":0,"menu_order":0,"comment_status":"closed","ping_status":"closed","template":"","meta":[],"acf":[],"_links":{"self":[{"href":"https:\/\/iesbolivar-cba.infd.edu.ar\/sitio\/wp-json\/wp\/v2\/pages\/919"}],"collection":[{"href":"https:\/\/iesbolivar-cba.infd.edu.ar\/sitio\/wp-json\/wp\/v2\/pages"}],"about":[{"href":"https:\/\/iesbolivar-cba.infd.edu.ar\/sitio\/wp-json\/wp\/v2\/types\/page"}],"author":[{"embeddable":true,"href":"https:\/\/iesbolivar-cba.infd.edu.ar\/sitio\/wp-json\/wp\/v2\/users\/3377"}],"replies":[{"embeddable":true,"href":"https:\/\/iesbolivar-cba.infd.edu.ar\/sitio\/wp-json\/wp\/v2\/comments?post=919"}],"version-history":[{"count":39,"href":"https:\/\/iesbolivar-cba.infd.edu.ar\/sitio\/wp-json\/wp\/v2\/pages\/919\/revisions"}],"predecessor-version":[{"id":4560,"href":"https:\/\/iesbolivar-cba.infd.edu.ar\/sitio\/wp-json\/wp\/v2\/pages\/919\/revisions\/4560"}],"wp:attachment":[{"href":"https:\/\/iesbolivar-cba.infd.edu.ar\/sitio\/wp-json\/wp\/v2\/media?parent=919"}],"curies":[{"name":"wp","href":"https:\/\/api.w.org\/{rel}","templated":true}]}}