{"id":906,"date":"2018-06-29T17:35:11","date_gmt":"2018-06-29T20:35:11","guid":{"rendered":"https:\/\/iesbolivar-cba.infd.edu.ar\/sitio\/estudiantes\/"},"modified":"2023-02-23T14:24:53","modified_gmt":"2023-02-23T17:24:53","slug":"estudiantes","status":"publish","type":"page","link":"https:\/\/iesbolivar-cba.infd.edu.ar\/sitio\/estudiantes\/","title":{"rendered":"Estudiantes"},"content":{"rendered":"<p><span style=\"color: #ff6600;\"><strong><span style=\"font-family: verdana,geneva; font-size: 14pt;\">Documentos para consultar y descargar <\/span><\/strong><\/span><\/p>\n<ul>\n<li>\n<pre><strong><a href=\"upload\/F6_Insc_para_exmen.pdf\" target=\"_blank\" rel=\"noopener\">Solicitud de inscripci\u00f3n a ex\u00e1menes<\/a><\/strong><\/pre>\n<\/li>\n<li>\n<pre><span style=\"color: #888888; font-family: verdana,geneva; font-size: 12pt;\"><strong><span style=\"font-family: verdana,geneva;\"><a href=\"upload\/Inscripcion_ciclo_lectivo_2018.pdf\">Solicitud de inscripci\u00f3n al ciclo lectivo<\/a><\/span><\/strong><\/span><\/pre>\n<\/li>\n<li>\n<pre><span style=\"color: #888888; font-family: verdana,geneva;\"><strong><span style=\"font-size: 14pt;\"><span style=\"font-size: 12pt;\"><a title=\"Tr\u00e1mites de equivalencias por asignaturas cursadas en otras carreras\" href=\"index.cgi?wid_item=106&amp;wid_seccion=1\">Tr\u00e1mites de equivalencias por asignaturas cursadas en otras carreras<\/a><\/span><\/span><\/strong><\/span><\/pre>\n<\/li>\n<\/ul>\n<p><span style=\"color: #888888; font-family: verdana,geneva;\"><strong><span style=\"font-size: 14pt;\"><br \/>\n<span style=\"color: #ff6600;\">Asistencia en el uso y acceso al campus virtual<\/span><\/span><\/strong><\/span><\/p>\n<ul>\n<li><a href=\"https:\/\/docs.google.com\/forms\/d\/1PdJuG38573vNRlIaOJTPgmb6y1NcftTp6MJmxb1LyeY\/edit\">&gt;&gt; Solicitud de asistencia en el uso o acceso a las aulas virtuales<\/a><\/li>\n<\/ul>\n","protected":false},"excerpt":{"rendered":"<p>Documentos para consultar y descargar Solicitud de inscripci\u00f3n a ex\u00e1menes Solicitud de inscripci\u00f3n al ciclo lectivo Tr\u00e1mites de equivalencias por asignaturas cursadas en otras carreras Asistencia en el uso y acceso al campus virtual &gt;&gt; Solicitud de asistencia en el uso o acceso a las aulas virtuales<\/p>\n","protected":false},"author":3377,"featured_media":0,"parent":0,"menu_order":0,"comment_status":"closed","ping_status":"closed","template":"","meta":[],"acf":[],"_links":{"self":[{"href":"https:\/\/iesbolivar-cba.infd.edu.ar\/sitio\/wp-json\/wp\/v2\/pages\/906"}],"collection":[{"href":"https:\/\/iesbolivar-cba.infd.edu.ar\/sitio\/wp-json\/wp\/v2\/pages"}],"about":[{"href":"https:\/\/iesbolivar-cba.infd.edu.ar\/sitio\/wp-json\/wp\/v2\/types\/page"}],"author":[{"embeddable":true,"href":"https:\/\/iesbolivar-cba.infd.edu.ar\/sitio\/wp-json\/wp\/v2\/users\/3377"}],"replies":[{"embeddable":true,"href":"https:\/\/iesbolivar-cba.infd.edu.ar\/sitio\/wp-json\/wp\/v2\/comments?post=906"}],"version-history":[{"count":3,"href":"https:\/\/iesbolivar-cba.infd.edu.ar\/sitio\/wp-json\/wp\/v2\/pages\/906\/revisions"}],"predecessor-version":[{"id":3590,"href":"https:\/\/iesbolivar-cba.infd.edu.ar\/sitio\/wp-json\/wp\/v2\/pages\/906\/revisions\/3590"}],"wp:attachment":[{"href":"https:\/\/iesbolivar-cba.infd.edu.ar\/sitio\/wp-json\/wp\/v2\/media?parent=906"}],"curies":[{"name":"wp","href":"https:\/\/api.w.org\/{rel}","templated":true}]}}