{"id":904,"date":"2018-06-29T17:35:11","date_gmt":"2018-06-29T20:35:11","guid":{"rendered":"https:\/\/iesbolivar-cba.infd.edu.ar\/sitio\/el-instituto\/"},"modified":"2022-11-03T16:06:10","modified_gmt":"2022-11-03T19:06:10","slug":"el-instituto","status":"publish","type":"page","link":"https:\/\/iesbolivar-cba.infd.edu.ar\/sitio\/el-instituto\/","title":{"rendered":"El Instituto"},"content":{"rendered":"<div style=\"background-color: #ffffff; text-align: center;\">\n<p><iframe loading=\"lazy\" src=\"\/\/www.youtube.com\/embed\/uvUdcqH6v-s?wmode=transparent\" width=\"480\" height=\"360\" frameborder=\"0\"><\/iframe><\/p>\n<table id=\"table1\" style=\"width: 519px; height: 74px;\" border=\"1\" cellspacing=\"0\" cellpadding=\"10\" align=\"center\">\n<tbody>\n<tr>\n<td style=\"border: 1px solid #0f0d58;\"><span style=\"font-size: 10pt;\">Im\u00e1genes del nuevo edificio del \u00a0<strong>I.E.S. \u00abSim\u00f3n Bol\u00edvar\u00bb<br \/>\n<\/strong>\u00a0ubicado en Agust\u00edn Garz\u00f3n al 1200 de la Ciudad de C\u00f3rdoba \u00a0<\/span><\/td>\n<\/tr>\n<\/tbody>\n<\/table>\n<div style=\"background-color: #ffffff;\"><\/div>\n<table style=\"width: 100%;\" border=\"0\" cellspacing=\"0\" cellpadding=\"4\">\n<tbody>\n<tr>\n<td class=\"Titulo1\" style=\"background-color: #f9ee9e;\"><span style=\"font-family: verdana, geneva; color: #888888; font-size: 12pt;\">Datos del Instituto\u00a0<\/span><\/td>\n<\/tr>\n<\/tbody>\n<\/table>\n<p><span style=\"font-size: 12pt; font-family: verdana, geneva;\"><strong style=\"color: #888888; font-family: arial, helvetica, sans-serif; font-size: 12pt;\">Horarios de atenci\u00f3n:<\/strong><span style=\"color: #888888;\"> \u00a08 a 22hs\u00a0<\/span><\/span><br \/>\n<span style=\"font-size: 12pt; font-family: verdana, geneva;\"><strong style=\"color: #888888; font-family: arial, helvetica, sans-serif; font-size: 12pt;\">Direcci\u00f3n:<\/strong><span style=\"color: #888888;\"> Agust\u00edn Garz\u00f3n 1225 San Vicente<\/span><\/span><\/p>\n<p><span style=\"font-family: verdana, geneva;\"><span style=\"font-size: 12pt;\"><strong><span style=\"color: #888888;\">Correo electr\u00f3nico:\u00a0<\/span><\/strong><\/span><\/span>iesbolivarcba.secretaria@gmail.com<\/p>\n<p><span style=\"font-size: 12pt; font-family: arial, helvetica, sans-serif; color: #888888;\">\u00a0<\/span><\/p>\n<table style=\"width: 100%;\" border=\"0\" cellspacing=\"0\" cellpadding=\"4\">\n<tbody>\n<tr>\n<td class=\"Titulo1\" style=\"background-color: #f9ee9e;\"><span style=\"font-family: verdana, geneva; color: #888888; font-size: 12pt;\" data-mce-mark=\"1\">C\u00f3mo llegar<\/span><\/td>\n<\/tr>\n<\/tbody>\n<\/table>\n<p><iframe loading=\"lazy\" style=\"border: 0;\" src=\"https:\/\/www.google.com\/maps\/embed?pb=!1m18!1m12!1m3!1d3404.6412448550777!2d-64.16836099999999!3d-31.424009000000005!2m3!1f0!2f0!3f0!3m2!1i1024!2i768!4f13.1!3m3!1m2!1s0x0%3A0x0!2zMzHCsDI1JzI2LjQiUyA2NMKwMTAnMDYuMSJX!5e0!3m2!1ses-419!2sar!4v1417188630476&amp;wmode=transparent\" width=\"600\" height=\"450\" frameborder=\"0\"><\/iframe><\/p>\n<\/div>\n","protected":false},"excerpt":{"rendered":"<p>Im\u00e1genes del nuevo edificio del \u00a0I.E.S. \u00abSim\u00f3n Bol\u00edvar\u00bb \u00a0ubicado en Agust\u00edn Garz\u00f3n al 1200 de la Ciudad de C\u00f3rdoba \u00a0 Datos del Instituto\u00a0 Horarios de atenci\u00f3n: \u00a08 a 22hs\u00a0 Direcci\u00f3n: Agust\u00edn Garz\u00f3n 1225 San Vicente Correo electr\u00f3nico:\u00a0iesbolivarcba.secretaria@gmail.com \u00a0 C\u00f3mo llegar<\/p>\n","protected":false},"author":3377,"featured_media":0,"parent":0,"menu_order":0,"comment_status":"closed","ping_status":"closed","template":"","meta":[],"acf":[],"_links":{"self":[{"href":"https:\/\/iesbolivar-cba.infd.edu.ar\/sitio\/wp-json\/wp\/v2\/pages\/904"}],"collection":[{"href":"https:\/\/iesbolivar-cba.infd.edu.ar\/sitio\/wp-json\/wp\/v2\/pages"}],"about":[{"href":"https:\/\/iesbolivar-cba.infd.edu.ar\/sitio\/wp-json\/wp\/v2\/types\/page"}],"author":[{"embeddable":true,"href":"https:\/\/iesbolivar-cba.infd.edu.ar\/sitio\/wp-json\/wp\/v2\/users\/3377"}],"replies":[{"embeddable":true,"href":"https:\/\/iesbolivar-cba.infd.edu.ar\/sitio\/wp-json\/wp\/v2\/comments?post=904"}],"version-history":[{"count":3,"href":"https:\/\/iesbolivar-cba.infd.edu.ar\/sitio\/wp-json\/wp\/v2\/pages\/904\/revisions"}],"predecessor-version":[{"id":3215,"href":"https:\/\/iesbolivar-cba.infd.edu.ar\/sitio\/wp-json\/wp\/v2\/pages\/904\/revisions\/3215"}],"wp:attachment":[{"href":"https:\/\/iesbolivar-cba.infd.edu.ar\/sitio\/wp-json\/wp\/v2\/media?parent=904"}],"curies":[{"name":"wp","href":"https:\/\/api.w.org\/{rel}","templated":true}]}}