{"id":1029,"date":"2018-06-29T17:36:19","date_gmt":"2018-06-29T20:36:19","guid":{"rendered":"https:\/\/iesbolivar-cba.infd.edu.ar\/sitio\/anexo-villa-el-libertador\/"},"modified":"2023-05-12T16:58:08","modified_gmt":"2023-05-12T19:58:08","slug":"anexo-villa-el-libertador","status":"publish","type":"page","link":"https:\/\/iesbolivar-cba.infd.edu.ar\/sitio\/anexo-villa-el-libertador\/","title":{"rendered":"Anexo &#8211; Villa El Libertador"},"content":{"rendered":"<p><span style=\"font-size: 12pt;\"><span style=\"color: #888888;\">EL <strong>IES Sim\u00f3n Bol\u00edvar<\/strong> cuenta con un <em><strong>Anexo<\/strong> <\/em>en Villa El Libertador donde se dicta desde 2015 el Profesorado en Educaci\u00f3n Secundaria de Lengua y Literatura. El Anexo funciona en la <strong>Escuela Juana Marta Gonz\u00e1lez<\/strong>, ubicada en la calle Defensa 60, en el horario de 18 a 22 hs.<\/span><\/span><\/p>\n","protected":false},"excerpt":{"rendered":"<p>EL IES Sim\u00f3n Bol\u00edvar cuenta con un Anexo en Villa El Libertador donde se dicta desde 2015 el Profesorado en Educaci\u00f3n Secundaria de Lengua y Literatura. El Anexo funciona en la Escuela Juana Marta Gonz\u00e1lez, ubicada en la calle Defensa 60, en el horario de 18 a 22 hs.<\/p>\n","protected":false},"author":3377,"featured_media":0,"parent":0,"menu_order":0,"comment_status":"closed","ping_status":"closed","template":"","meta":[],"acf":[],"_links":{"self":[{"href":"https:\/\/iesbolivar-cba.infd.edu.ar\/sitio\/wp-json\/wp\/v2\/pages\/1029"}],"collection":[{"href":"https:\/\/iesbolivar-cba.infd.edu.ar\/sitio\/wp-json\/wp\/v2\/pages"}],"about":[{"href":"https:\/\/iesbolivar-cba.infd.edu.ar\/sitio\/wp-json\/wp\/v2\/types\/page"}],"author":[{"embeddable":true,"href":"https:\/\/iesbolivar-cba.infd.edu.ar\/sitio\/wp-json\/wp\/v2\/users\/3377"}],"replies":[{"embeddable":true,"href":"https:\/\/iesbolivar-cba.infd.edu.ar\/sitio\/wp-json\/wp\/v2\/comments?post=1029"}],"version-history":[{"count":2,"href":"https:\/\/iesbolivar-cba.infd.edu.ar\/sitio\/wp-json\/wp\/v2\/pages\/1029\/revisions"}],"predecessor-version":[{"id":3368,"href":"https:\/\/iesbolivar-cba.infd.edu.ar\/sitio\/wp-json\/wp\/v2\/pages\/1029\/revisions\/3368"}],"wp:attachment":[{"href":"https:\/\/iesbolivar-cba.infd.edu.ar\/sitio\/wp-json\/wp\/v2\/media?parent=1029"}],"curies":[{"name":"wp","href":"https:\/\/api.w.org\/{rel}","templated":true}]}}