{"id":1018,"date":"2018-06-29T17:36:14","date_gmt":"2018-06-29T20:36:14","guid":{"rendered":"https:\/\/iesbolivar-cba.infd.edu.ar\/sitio\/postitulos-docentes\/"},"modified":"2024-11-06T15:26:27","modified_gmt":"2024-11-06T18:26:27","slug":"postitulos-docentes","status":"publish","type":"page","link":"https:\/\/iesbolivar-cba.infd.edu.ar\/sitio\/postitulos-docentes\/","title":{"rendered":"Oficina de Post\u00edtulos IES Sim\u00f3n Bol\u00edvar"},"content":{"rendered":"<p><span style=\"font-size: 12pt; color: #888888;\">El <strong>Instituto de Ense\u00f1anza Superior Sim\u00f3n Bol\u00edvar<\/strong> es sede de las oficinas de atenci\u00f3n de los Post\u00edtulos docentes.<\/span><\/p>\n<p><span style=\"font-size: 12pt; color: #888888;\">Los horarios de atenci\u00f3n de la oficina son:<\/span><\/p>\n<ul>\n<li><span style=\"font-size: 12pt; color: #888888;\">lunes de 9 a 17 hs.\u00a0<\/span><\/li>\n<li><span style=\"font-size: 12pt; color: #888888;\">mi\u00e9rcoles de 9 a 13:30 hs.<\/span><\/li>\n<li><span style=\"font-size: 12pt; color: #888888;\">jueves de 13 a 17 hs.<\/span><\/li>\n<\/ul>\n<p><span style=\"font-size: 12pt; color: #888888;\"><strong>Consultas:\u00a0<\/strong>escribiendo\u00a0al correo electr\u00f3nico: <em><span style=\"color: #0000ff;\">iessb@isep-cba.edu.ar<\/span>.<\/em><\/span><\/p>\n<p><span style=\"font-size: 12pt; color: #888888;\"><strong>Instagram:<\/strong> <a href=\"https:\/\/www.instagram.com\/isep_simonbolivar\/\"><em><span style=\"color: #0000ff;\">@isep_simonbolivar<\/span><\/em><\/a><\/span><\/p>\n<p><span style=\"font-size: 12pt; color: #808080;\"><strong>Ubicaci\u00f3n del IES SIM\u00d3N BOL\u00cdVAR:<\/strong>\u00a0Agust\u00edn Garz\u00f3n 1225, San Vicente, C\u00f3rdoba.<\/span><\/p>\n<p><iframe loading=\"lazy\" style=\"border: 0;\" src=\"https:\/\/www.google.com\/maps\/embed?pb=!1m18!1m12!1m3!1d3404.6412448550777!2d-64.16836099999999!3d-31.424009000000005!2m3!1f0!2f0!3f0!3m2!1i1024!2i768!4f13.1!3m3!1m2!1s0x0%3A0x0!2zMzHCsDI1JzI2LjQiUyA2NMKwMTAnMDYuMSJX!5e0!3m2!1ses-419!2sar!4v1417188630476&amp;wmode=transparent\" width=\"600\" height=\"450\" frameborder=\"0\"><\/iframe><\/p>\n","protected":false},"excerpt":{"rendered":"<p>El Instituto de Ense\u00f1anza Superior Sim\u00f3n Bol\u00edvar es sede de las oficinas de atenci\u00f3n de los Post\u00edtulos docentes. Los horarios de atenci\u00f3n de la oficina son: lunes de 9 a 17 hs.\u00a0 mi\u00e9rcoles de 9 a 13:30 hs. jueves de 13 a 17 hs. Consultas:\u00a0escribiendo\u00a0al correo electr\u00f3nico: iessb@isep-cba.edu.ar. Instagram: @isep_simonbolivar Ubicaci\u00f3n del IES SIM\u00d3N BOL\u00cdVAR:\u00a0Agust\u00edn &#8230; <a title=\"Oficina de Post\u00edtulos IES Sim\u00f3n Bol\u00edvar\" class=\"read-more\" href=\"https:\/\/iesbolivar-cba.infd.edu.ar\/sitio\/postitulos-docentes\/\" aria-label=\"More on Oficina de Post\u00edtulos IES Sim\u00f3n Bol\u00edvar\">[+]<\/a><\/p>\n","protected":false},"author":3377,"featured_media":0,"parent":0,"menu_order":0,"comment_status":"closed","ping_status":"closed","template":"","meta":[],"acf":[],"_links":{"self":[{"href":"https:\/\/iesbolivar-cba.infd.edu.ar\/sitio\/wp-json\/wp\/v2\/pages\/1018"}],"collection":[{"href":"https:\/\/iesbolivar-cba.infd.edu.ar\/sitio\/wp-json\/wp\/v2\/pages"}],"about":[{"href":"https:\/\/iesbolivar-cba.infd.edu.ar\/sitio\/wp-json\/wp\/v2\/types\/page"}],"author":[{"embeddable":true,"href":"https:\/\/iesbolivar-cba.infd.edu.ar\/sitio\/wp-json\/wp\/v2\/users\/3377"}],"replies":[{"embeddable":true,"href":"https:\/\/iesbolivar-cba.infd.edu.ar\/sitio\/wp-json\/wp\/v2\/comments?post=1018"}],"version-history":[{"count":5,"href":"https:\/\/iesbolivar-cba.infd.edu.ar\/sitio\/wp-json\/wp\/v2\/pages\/1018\/revisions"}],"predecessor-version":[{"id":4215,"href":"https:\/\/iesbolivar-cba.infd.edu.ar\/sitio\/wp-json\/wp\/v2\/pages\/1018\/revisions\/4215"}],"wp:attachment":[{"href":"https:\/\/iesbolivar-cba.infd.edu.ar\/sitio\/wp-json\/wp\/v2\/media?parent=1018"}],"curies":[{"name":"wp","href":"https:\/\/api.w.org\/{rel}","templated":true}]}}