{"id":1014,"date":"2018-06-29T17:36:12","date_gmt":"2018-06-29T20:36:12","guid":{"rendered":"https:\/\/iesbolivar-cba.infd.edu.ar\/sitio\/tramites-de-equivalencias-por-asignaturas-cursadas-en-otras-carreras\/"},"modified":"2023-11-15T09:24:02","modified_gmt":"2023-11-15T12:24:02","slug":"tramites-de-equivalencias-por-asignaturas-cursadas-en-otras-carreras","status":"publish","type":"page","link":"https:\/\/iesbolivar-cba.infd.edu.ar\/sitio\/tramites-de-equivalencias-por-asignaturas-cursadas-en-otras-carreras\/","title":{"rendered":"Tr\u00e1mites de equivalencias por asignaturas cursadas en otras carreras"},"content":{"rendered":"<p><span style=\"font-weight: 400;\">Los estudiantes que hayan cursado estudios superiores en otros Institutos de Educaci\u00f3n Superior o en Universidades, con reconocimiento oficial, y deseen solicitar la aprobaci\u00f3n de asignaturas por equivalencia, que se encuentren comprendidas en el Plan de Estudio de la Carrera que cursa,\u00a0 deber\u00e1n presentar la solicitud y la documentaci\u00f3n correspondiente <\/span><b>en el momento que la secretar\u00eda solicite la documentaci\u00f3n<\/b><span style=\"font-weight: 400;\">.<\/span><\/p>\n<p><span style=\"font-weight: 400;\">Para ello es necesario que:<\/span><\/p>\n<p><span style=\"font-weight: 400;\">A- Soliciten en la instituci\u00f3n donde cursaron sus estudios, la elaboraci\u00f3n de un expediente para gestionar equivalencias. El mismo deber\u00e1 contener:<\/span><\/p>\n<ol>\n<li style=\"font-weight: 400;\" aria-level=\"4\"><span style=\"font-weight: 400;\">Primero hoja con la siguiente leyenda:<\/span><\/li>\n<\/ol>\n<p><i><span style=\"font-weight: 400;\">\u201c<\/span><\/i><i><span style=\"font-weight: 400;\">El\/la Director\/a del <\/span><\/i><b><i>Instituto de Ense\u00f1anza Superior \u00abnombre completo\u00bb<\/i><\/b><i><span style=\"font-weight: 400;\"> (Provincia)\/ Facultad \u201cnombre completo de la Universidad \u201cnombre\u201d- (Provincia) &#8211; CERTIFICA QUE:\u00a0 el certificado anal\u00edtico de estudios original (completo o incompleto seg\u00fan corresponda), corresponde a\u00a0 \u201cApellido y Nombre\u201d , nacido en \u2026\u2026.( Lugar), Provincia de \u2026\u2026., Pa\u00eds\u2026\u2026\u2026 <\/span><\/i><b><i>\u00a0<\/i><\/b><i><span style=\"font-weight: 400;\">\u00a0el d\u00eda ..de \u2026. del a\u00f1o\u2026\u2026\u2026, D.N.I.N\u00b0<\/span><\/i><b><i>&#8211; <\/i><\/b><i><span style=\"font-weight: 400;\">ha cursado los a\u00f1os de estudio que se detallan correspondiente al Plan de Estudios Resoluci\u00f3n N\u00b0\u2026\u2026. de la carrera nombre de la carrera completo y las copias autenticadas y foliadas del \u2026.hasta\u2026.., corresponden a los programas anal\u00edticos de las asignaturas cursadas y aprobadas. Sin raspadura ni enmiendas se expide la documentaci\u00f3n para ser presentada en el Instituto de Ense\u00f1anza Superior \u201cSim\u00f3n Bol\u00edvar\u201d, de la ciudad de C\u00f3rdoba, a los \u2026\u2026\u2026d\u00edas del mes de\u2026\u2026\u2026 del a\u00f1o\u2026\u2026.\u201d&#8212;&#8212;&#8212;&#8212;&#8212;&#8212;&#8212;&#8212;&#8212;&#8212;&#8212;&#8212;&#8212;&#8212;&#8212;&#8212;&#8212;&#8212;&#8212;&#8212;&#8212;&#8212;&#8212;&#8212;&#8212;&#8212;&#8212;&#8212;&#8212;&#8212;&#8212;-<\/span><\/i><\/p>\n<ol>\n<li style=\"font-weight: 400;\" aria-level=\"3\"><span style=\"font-weight: 400;\">Certificado anal\u00edtico de estudios original (completo o incompleto seg\u00fan corresponda).<\/span><\/li>\n<li style=\"font-weight: 400;\" aria-level=\"3\"><span style=\"font-weight: 400;\">Fotocopias autenticadas (todas) de los programas de estudios de las asignaturas aprobadas; foliadas y con sello en el reverso de la \u00faltima hoja del programa con nombre nota y fecha de aprobaci\u00f3n de la materia.\u00a0<\/span><\/li>\n<\/ol>\n<p><span style=\"font-weight: 400;\">En el caso de <\/span><span style=\"font-weight: 400;\">estudios realizados en el exterior<\/span><span style=\"font-weight: 400;\">, deber\u00e1n realizar el tr\u00e1mite para su reconocimiento, en el Departamento de Validez Nacional de T\u00edtulos y Estudios del Ministerio de Educaci\u00f3n de la Naci\u00f3n.<\/span><\/p>\n<p><span style=\"font-weight: 400;\">B- Completen la solicitud de pedido de equivalencia para presentar en el IES \u201cSim\u00f3n Bol\u00edvar\u201dseg\u00fan modelo disponible<\/span><a href=\"https:\/\/drive.google.com\/file\/d\/1EQGTPRu4DMGLq1Vyr3gKeo5NGC1x7W_0\/view\"><span style=\"font-weight: 400;\"> ver aqu\u00ed <\/span><\/a><span style=\"font-weight: 400;\">(descargar para editar )\u00a0<\/span><\/p>\n<p><span style=\"font-weight: 400;\">C- Digitalizar la carpeta de equivalencias:\u00a0 <\/span><span style=\"font-weight: 400;\">La documentaci\u00f3n debe estar escaneada en un \u00fanico archivo en formato PDF. Debe ser enviada\u00a0 al correo <\/span><b>equivalencias.iesbolivar@gmail.com<\/b><b> \u00a0 <\/b><span style=\"font-weight: 400;\">con el <\/span><b>asunto <\/b><i><span style=\"font-weight: 400;\">\u201c<\/span><\/i><b><i>Profesorado\u2026<\/i><\/b><i><span style=\"font-weight: 400;\">., Nombre- Apellido\u201d<\/span><\/i><span style=\"font-weight: 400;\">. Es relevante destacar que el\u00a0 escaneo debe ser completamente legible y ordenado; de lo contrario, ser\u00e1 descartada la\u00a0 solicitud.\u00a0<\/span><\/p>\n<p><span style=\"font-weight: 400;\">Recomendamos realizarlo con las siguientes App que podr\u00e1s encontrar en Google Play Store:\u00a0 <\/span><span style=\"font-weight: 400;\">clearscanner, camscanner, Adobe scan o con cualquier otra que sea compatible con su <\/span><span style=\"font-weight: 400;\">\u00a0<\/span><span style=\"font-weight: 400;\">dispositivo. <\/span><span style=\"font-weight: 400;\">\u00a0<\/span><\/p>\n<p><b>Una vez que se env\u00ede por correo y se recepte correctamente la documentaci\u00f3n , se deber\u00e1\u00a0 presentar la documentaci\u00f3n original en las oficinas del instituto. Esto es <\/b><b>\u00a0<\/b><b>indispensable para iniciar concretamente el tr\u00e1mite de la solicitud.<\/b><\/p>\n<p><span style=\"font-weight: 400;\">Para evitar problemas en el cursado de las asignaturas, y p\u00e9rdidas de tiempo, es conveniente que esta documentaci\u00f3n sea presentada lo antes posible. Tenga en cuenta que habitualmente las universidades y otros institutos superiores, entregan esta documentaci\u00f3n con cierta demora. <\/span><b>Tome los recaudos necesarios solicit\u00e1ndola con la debida antelaci\u00f3n.<\/b><\/p>\n<p><b>Importante:<\/b><\/p>\n<ul>\n<li style=\"font-weight: 400;\" aria-level=\"1\"><span style=\"font-weight: 400;\">Mientras dura la tramitaci\u00f3n y hasta tanto se define o no el reconocimiento de la equivalencia, el alumno tiene la obligaci\u00f3n de matricular y cursar todas las asignaturas correspondientes al a\u00f1o en curso, en que ha solicitado su aprobaci\u00f3n por equivalencia.\u00a0<\/span><\/li>\n<li style=\"font-weight: 400;\" aria-level=\"1\"><span style=\"font-weight: 400;\">Las equivalencias podr\u00e1n darse de modo total o parcial, conforme a la formaci\u00f3n, seg\u00fan contenido, la extensi\u00f3n, complejidad y orientaci\u00f3n general de las unidades curriculares (UC) y\/o espacios curriculares (EC) a considerar. Para las equivalencias de modo parcial, se establecer\u00e1 en cada caso los contenidos que restan mediante una instancia evaluativa definida por el docente de la UC y\/o E\/C.\u00a0<\/span><\/li>\n<\/ul>\n<p><span style=\"font-weight: 400;\">Se considerar\u00e1 de la UC y\/o EC presentada\/o como equivalente, el tiempo transcurrido desde su aprobaci\u00f3n, contemplando que los conocimientos acreditados como aprobados, sean significativos, validos y actualizados.<\/span><\/p>\n<p><span style=\"font-weight: 400;\">Se podr\u00e1 solicitar equivalencias hasta un 45% del total de las UC y\/o EC de la Carrera que se cursa<\/span><span style=\"font-weight: 400;\">.<\/span><\/p>\n<ul>\n<li style=\"font-weight: 400;\" aria-level=\"1\"><span style=\"font-weight: 400;\">El reconocimiento de la\/s Equivalencia\/s solicitada\/s queda sujeto a la valoraci\u00f3n del tribunal evaluador de la Instituci\u00f3n y las v\u00edas jer\u00e1rquicas correspondientes.<\/span><span style=\"font-weight: 400;\"><br \/>\n<\/span><\/li>\n<li style=\"font-weight: 400;\" aria-level=\"1\"><span style=\"font-weight: 400;\">La notificaci\u00f3n de los resultados se comunicar\u00e1 a trav\u00e9s del aula virtual, por parte de la\u00a0 coordinaci\u00f3n de turno. \u00a0 \u00a0 \u00a0 <\/span><\/li>\n<\/ul>\n","protected":false},"excerpt":{"rendered":"<p>Los estudiantes que hayan cursado estudios superiores en otros Institutos de Educaci\u00f3n Superior o en Universidades, con reconocimiento oficial, y deseen solicitar la aprobaci\u00f3n de asignaturas por equivalencia, que se encuentren comprendidas en el Plan de Estudio de la Carrera que cursa,\u00a0 deber\u00e1n presentar la solicitud y la documentaci\u00f3n correspondiente en el momento que la &#8230; <a title=\"Tr\u00e1mites de equivalencias por asignaturas cursadas en otras carreras\" class=\"read-more\" href=\"https:\/\/iesbolivar-cba.infd.edu.ar\/sitio\/tramites-de-equivalencias-por-asignaturas-cursadas-en-otras-carreras\/\" aria-label=\"More on Tr\u00e1mites de equivalencias por asignaturas cursadas en otras carreras\">[+]<\/a><\/p>\n","protected":false},"author":3377,"featured_media":0,"parent":0,"menu_order":0,"comment_status":"closed","ping_status":"closed","template":"","meta":[],"acf":[],"_links":{"self":[{"href":"https:\/\/iesbolivar-cba.infd.edu.ar\/sitio\/wp-json\/wp\/v2\/pages\/1014"}],"collection":[{"href":"https:\/\/iesbolivar-cba.infd.edu.ar\/sitio\/wp-json\/wp\/v2\/pages"}],"about":[{"href":"https:\/\/iesbolivar-cba.infd.edu.ar\/sitio\/wp-json\/wp\/v2\/types\/page"}],"author":[{"embeddable":true,"href":"https:\/\/iesbolivar-cba.infd.edu.ar\/sitio\/wp-json\/wp\/v2\/users\/3377"}],"replies":[{"embeddable":true,"href":"https:\/\/iesbolivar-cba.infd.edu.ar\/sitio\/wp-json\/wp\/v2\/comments?post=1014"}],"version-history":[{"count":6,"href":"https:\/\/iesbolivar-cba.infd.edu.ar\/sitio\/wp-json\/wp\/v2\/pages\/1014\/revisions"}],"predecessor-version":[{"id":3851,"href":"https:\/\/iesbolivar-cba.infd.edu.ar\/sitio\/wp-json\/wp\/v2\/pages\/1014\/revisions\/3851"}],"wp:attachment":[{"href":"https:\/\/iesbolivar-cba.infd.edu.ar\/sitio\/wp-json\/wp\/v2\/media?parent=1014"}],"curies":[{"name":"wp","href":"https:\/\/api.w.org\/{rel}","templated":true}]}}